{"id":2010,"date":"2023-06-19T17:51:20","date_gmt":"2023-06-19T09:51:20","guid":{"rendered":"http:\/\/www.gotrailerpart.com\/?post_type=product&#038;p=2010"},"modified":"2025-01-13T15:18:31","modified_gmt":"2025-01-13T07:18:31","slug":"2ball5000lbs-straight-tongue-trailer-coupler","status":"publish","type":"product","link":"https:\/\/www.gotrailerpart.com\/es\/product\/2ball5000lbs-straight-tongue-trailer-coupler\/","title":{"rendered":"Bola de 2 \", acoplador de remolque de lengua recta de 5000 libras"},"content":{"rendered":"<p><span style=\"font-family: arial, helvetica, sans-serif; font-size: 14pt;\">Nuestro acoplador de lengua recta se adapta a la pelota de 2 \u2033. 3 \u2033 ancho de la lengua.  Cuenta con agujeros para aceptar un pin de seguridad o un bloqueo de acoplador. Acabado de zinc en acero matrimonial duradero grueso para la resistencia a la \u00f3xido y la corrosi\u00f3n. Servicio de ventas posteriores, si el producto tiene alg\u00fan problema de calidad, proporcionamos un servicio gratuito de devoluci\u00f3n e intercambio. Puede comunicarse con nuestro servicio al cliente, le daremos una respuesta exacta dentro de las 24h.<\/span><\/p>\n<p><img fetchpriority=\"high\" decoding=\"async\" class=\"wp-image-1998 aligncenter\" src=\"http:\/\/www.gotrailerpart.com\/wp-content\/uploads\/2023\/06\/\u8868\u683c-300x207.png\" alt=\"\" width=\"925\" height=\"638\" srcset=\"\" sizes=\"(max-width: 925px) 100vw, 925px\" data-srcset=\"\" \/><\/p>","protected":false},"excerpt":{"rendered":"<p><span style=\"font-family: arial, helvetica, sans-serif; font-size: 14pt;\">*Bola de 2 \u2033<\/span><br \/>\n<span style=\"font-family: arial, helvetica, sans-serif; font-size: 14pt;\">*Ancho de lengua de 3 \u2033<\/span><br \/>\n<span style=\"font-family: arial, helvetica, sans-serif; font-size: 14pt;\">*Capacidad de 5000 libras<\/span><br \/>\n<span style=\"font-family: arial, helvetica, sans-serif; font-size: 14pt;\">*Zinc<\/span><br \/>\n<span style=\"font-family: arial, helvetica, sans-serif; font-size: 14pt;\">*Acoplador de remolque de lengua recta<\/span><\/p>","protected":false},"featured_media":4263,"comment_status":"open","ping_status":"closed","template":"","meta":{"_acf_changed":false},"product_brand":[],"product_cat":[52],"product_tag":[],"class_list":{"0":"post-2010","1":"product","2":"type-product","3":"status-publish","4":"has-post-thumbnail","6":"product_cat-straight-coupler","8":"first","9":"instock","10":"shipping-taxable","11":"product-type-simple"},"acf":[],"_links":{"self":[{"href":"https:\/\/www.gotrailerpart.com\/es\/wp-json\/wp\/v2\/product\/2010","targetHints":{"allow":["GET"]}}],"collection":[{"href":"https:\/\/www.gotrailerpart.com\/es\/wp-json\/wp\/v2\/product"}],"about":[{"href":"https:\/\/www.gotrailerpart.com\/es\/wp-json\/wp\/v2\/types\/product"}],"replies":[{"embeddable":true,"href":"https:\/\/www.gotrailerpart.com\/es\/wp-json\/wp\/v2\/comments?post=2010"}],"wp:featuredmedia":[{"embeddable":true,"href":"https:\/\/www.gotrailerpart.com\/es\/wp-json\/wp\/v2\/media\/4263"}],"wp:attachment":[{"href":"https:\/\/www.gotrailerpart.com\/es\/wp-json\/wp\/v2\/media?parent=2010"}],"wp:term":[{"taxonomy":"product_brand","embeddable":true,"href":"https:\/\/www.gotrailerpart.com\/es\/wp-json\/wp\/v2\/product_brand?post=2010"},{"taxonomy":"product_cat","embeddable":true,"href":"https:\/\/www.gotrailerpart.com\/es\/wp-json\/wp\/v2\/product_cat?post=2010"},{"taxonomy":"product_tag","embeddable":true,"href":"https:\/\/www.gotrailerpart.com\/es\/wp-json\/wp\/v2\/product_tag?post=2010"}],"curies":[{"name":"wp","href":"https:\/\/api.w.org\/{rel}","templated":true}]}}