{"id":2049,"date":"2023-06-20T11:43:16","date_gmt":"2023-06-20T03:43:16","guid":{"rendered":"http:\/\/www.gotrailerpart.com\/?post_type=product&#038;p=2049"},"modified":"2025-01-13T16:50:32","modified_gmt":"2025-01-13T08:50:32","slug":"16-inch-trailer-wheel","status":"publish","type":"product","link":"https:\/\/www.gotrailerpart.com\/es\/product\/16-inch-trailer-wheel\/","title":{"rendered":"rueda de remolque de 16 pulgadas"},"content":{"rendered":"<p><span style=\"font-family: arial, helvetica, sans-serif; font-size: 14pt;\">Esta es una rueda de remolque de aleaci\u00f3n de aluminio de 16 pulgadas, dise\u00f1ada para proporcionar un rendimiento confiable y duradero para su remolque. Hecho a partir de materiales de alta calidad, esta rueda es resistente a la corrosi\u00f3n y al desgaste, por lo que es ideal para su uso en todas las condiciones clim\u00e1ticas. El dise\u00f1o moderno y elegante agrega un toque de estilo a su remolque, mientras que la construcci\u00f3n ligera garantiza un manejo f\u00e1cil. Con una capacidad de carga de hasta 1450 kg, esta rueda de remolque es perfecta para transportar cargas pesadas con facilidad. Actualice su trailer hoy con esta rueda de aleaci\u00f3n de aluminio de alta calidad.<\/span><\/p>\n<p><span style=\"font-family: arial, helvetica, sans-serif; font-size: 14pt;\">El borde de la rueda automotriz no es solo un componente funcional de su veh\u00edculo;  Hecho a mano con precisi\u00f3n y dise\u00f1ada para la excelencia, nuestros bordes de ruedas est\u00e1n dise\u00f1ados para mejorar el aspecto general y la experiencia de conducci\u00f3n de su autom\u00f3vil.<\/span><\/p>\n<p><span style=\"font-family: arial, helvetica, sans-serif; font-size: 14pt;\">Construidos a partir de materiales de alta calidad, como aleaciones livianas o acero duradero, estos bordes ofrecen resistencia y un peso no reducido reducido, lo que contribuye a una mayor manejo y eficiencia de combustible. El meticuloso proceso de fabricaci\u00f3n garantiza un ajuste y un equilibrio perfecto, minimizando las vibraciones y maximizando la estabilidad a altas velocidades.<\/span><\/p>\n<p><span style=\"font-family: arial, helvetica, sans-serif; font-size: 14pt;\">Nuestras llantas de ruedas vienen en una amplia gama de dise\u00f1os elegantes, desde elegantes y modernos hasta cl\u00e1sicos y deportivos. Los acabados, incluidos el cromo, el mate y el pulido, agregan un toque de elegancia y personalidad a su veh\u00edculo. Ya sea que prefiera un aspecto audaz y agresivo o una est\u00e9tica sofisticada y discreta, hay un borde de la rueda para que coincida con su gusto.<\/span><\/p>\n<p><span style=\"font-family: arial, helvetica, sans-serif; font-size: 14pt;\">No solo mejoran la apariencia, sino que tambi\u00e9n juegan un papel crucial en la disipaci\u00f3n de calor, evitando el sobrecalentamiento de los frenos durante las intensas condiciones de conducci\u00f3n. La ingenier\u00eda precisa de los patrones de radios y los canales de ventilaci\u00f3n garantiza un flujo de aire \u00f3ptimo, manteniendo el rendimiento m\u00e1ximo y la seguridad.<\/span><\/p>\n<p><span style=\"font-family: arial, helvetica, sans-serif; font-size: 14pt;\">Dise\u00f1ados para resistir los rigores de la carretera y los elementos, nuestras llantas de ruedas est\u00e1n construidas para durar. Son resistentes a la corrosi\u00f3n, el impacto y la abrasi\u00f3n, proporcionando durabilidad y valor a largo plazo.<\/span><\/p>\n<p><span style=\"font-family: arial, helvetica, sans-serif; font-size: 14pt;\">Actualice su veh\u00edculo con nuestras bordes de ruedas excepcionales y transforma en una obra maestra que combina el estilo y la funcionalidad.<\/span><\/p>\n<p>&nbsp;<\/p>","protected":false},"excerpt":{"rendered":"<p>Tama\u00f1o 16*8.0<\/p>\n<p>ET 0<\/p>\n<p>PCD 8*139.7<\/p>\n<p>CB 110.1<\/p>\n<p>Calificaci\u00f3n de carga 1450 kg<\/p>","protected":false},"featured_media":2050,"comment_status":"open","ping_status":"closed","template":"","meta":{"_acf_changed":false},"product_brand":[],"product_cat":[80],"product_tag":[],"class_list":{"0":"post-2049","1":"product","2":"type-product","3":"status-publish","4":"has-post-thumbnail","6":"product_cat-wheel","8":"first","9":"instock","10":"shipping-taxable","11":"product-type-simple"},"acf":[],"_links":{"self":[{"href":"https:\/\/www.gotrailerpart.com\/es\/wp-json\/wp\/v2\/product\/2049","targetHints":{"allow":["GET"]}}],"collection":[{"href":"https:\/\/www.gotrailerpart.com\/es\/wp-json\/wp\/v2\/product"}],"about":[{"href":"https:\/\/www.gotrailerpart.com\/es\/wp-json\/wp\/v2\/types\/product"}],"replies":[{"embeddable":true,"href":"https:\/\/www.gotrailerpart.com\/es\/wp-json\/wp\/v2\/comments?post=2049"}],"wp:featuredmedia":[{"embeddable":true,"href":"https:\/\/www.gotrailerpart.com\/es\/wp-json\/wp\/v2\/media\/2050"}],"wp:attachment":[{"href":"https:\/\/www.gotrailerpart.com\/es\/wp-json\/wp\/v2\/media?parent=2049"}],"wp:term":[{"taxonomy":"product_brand","embeddable":true,"href":"https:\/\/www.gotrailerpart.com\/es\/wp-json\/wp\/v2\/product_brand?post=2049"},{"taxonomy":"product_cat","embeddable":true,"href":"https:\/\/www.gotrailerpart.com\/es\/wp-json\/wp\/v2\/product_cat?post=2049"},{"taxonomy":"product_tag","embeddable":true,"href":"https:\/\/www.gotrailerpart.com\/es\/wp-json\/wp\/v2\/product_tag?post=2049"}],"curies":[{"name":"wp","href":"https:\/\/api.w.org\/{rel}","templated":true}]}}