{"id":2149,"date":"2023-06-21T09:42:02","date_gmt":"2023-06-21T01:42:02","guid":{"rendered":"https:\/\/www.gotrailerpart.com\/?post_type=product&#038;p=2149"},"modified":"2025-01-13T14:51:18","modified_gmt":"2025-01-13T06:51:18","slug":"6-leaf-double-eye","status":"publish","type":"product","link":"https:\/\/www.gotrailerpart.com\/es\/product\/6-leaf-double-eye\/","title":{"rendered":"spring de 6 hojas de doble ojo"},"content":{"rendered":"<p><span style=\"font-family: arial, helvetica, sans-serif; font-size: 14pt;\">Spring de ojos y ojos, 6 hoja, 60 mm x 7 mm (ancho x de espesor), capacidad de 2200 kg. El resorte de ojos y ojos es un tipo de resorte mec\u00e1nico que est\u00e1 dise\u00f1ado con dos bucles o ojos id\u00e9nticos en cada extremo. La funci\u00f3n principal de este resorte es absorber y almacenar energ\u00eda mec\u00e1nica cuando est\u00e1 comprimida o estirada, y luego liberar esta energ\u00eda cuando se permite que el resorte regrese a su forma original. Puede proporcionar un nivel consistente de fuerza sobre una amplia gama de deflexi\u00f3n. Esto lo hace ideal para su uso en aplicaciones donde se requiere un control preciso de la fuerza y \u200b\u200bel movimiento. Adem\u00e1s, el resorte est\u00e1 hecho de acero de alta calidad, lo que garantiza su rendimiento de larga duraci\u00f3n incluso bajo cargas pesadas o uso repetido. Otra ventaja del ojo y la primavera del ojo es su facilidad de instalaci\u00f3n y mantenimiento. Los ojos en cada extremo del resorte se pueden unir f\u00e1cilmente a otros componentes o estructuras, y el resorte en s\u00ed requiere poco o ning\u00fan mantenimiento para continuar funcionando correctamente.<\/span><\/p>\n<p><span style=\"font-family: arial, helvetica, sans-serif; font-size: 14pt;\">El Double Eye Trailer Spring es un componente crucial dise\u00f1ado para proporcionar un soporte y flexibilidad confiables para las suspensiones de remolques. Hecho en mente con precisi\u00f3n y durabilidad, esta primavera est\u00e1 dise\u00f1ada para soportar los rigores de diversas condiciones de la carretera y cargas pesadas.<\/span><\/p>\n<p><span style=\"font-family: arial, helvetica, sans-serif; font-size: 14pt;\">La primavera del trailer de doble ojo se trata con un recubrimiento resistente a la corrosi\u00f3n para mejorar su longevidad y rendimiento, incluso en condiciones clim\u00e1ticas duras. Es f\u00e1cil de instalar y mantener, reduciendo los costos de tiempo de inactividad y mantenimiento.<\/span><\/p>\n<p><span style=\"font-family: arial, helvetica, sans-serif; font-size: 14pt;\">Dise\u00f1ado para cumplir o exceder los est\u00e1ndares de la industria, este resorte de remolque proporciona un soporte de suspensi\u00f3n \u00f3ptimo, mejorando el manejo y la seguridad de su remolque. Ya sea que est\u00e9 transportando equipos pesados, bienes o veh\u00edculos recreativos, el Double Eye Trailer Spring es una opci\u00f3n confiable para garantizar un viaje sin problemas y sin problemas.<\/span><\/p>\n<p><span style=\"font-family: arial, helvetica, sans-serif; font-size: 14pt;\">Con su durabilidad, confiabilidad y rendimiento, el Double Eye Trailer Spring es un componente esencial que contribuye a la funcionalidad general y la longevidad de su trailer. Invierta en este producto superior para una experiencia de remolque perfecta y sin preocupaciones.<\/span><\/p>","protected":false},"excerpt":{"rendered":"<p><span style=\"font-family: arial, helvetica, sans-serif; font-size: 14pt;\"><strong>*<\/strong> 6 hoja<\/span><\/p>\n<p><span style=\"font-family: arial, helvetica, sans-serif; font-size: 14pt;\"><strong>*<\/strong>Spring de doble ojo<\/span><\/p>\n<p><span style=\"font-family: arial, helvetica, sans-serif; font-size: 14pt;\"><strong>*<\/strong>2200 kg de capacidad<\/span><\/p>\n<p><span style=\"font-family: arial, helvetica, sans-serif; font-size: 14pt;\"><strong>*<\/strong>\u00a0Mejor distribuci\u00f3n de peso<\/span><\/p>\n<p><span style=\"font-family: arial, helvetica, sans-serif; font-size: 14pt;\"><strong>*<\/strong>Reduce el desgaste en el remolque<\/span><\/p>","protected":false},"featured_media":2150,"comment_status":"open","ping_status":"closed","template":"","meta":{"_acf_changed":false},"product_brand":[],"product_cat":[65],"product_tag":[],"class_list":{"0":"post-2149","1":"product","2":"type-product","3":"status-publish","4":"has-post-thumbnail","6":"product_cat-eye-and-eye","8":"first","9":"instock","10":"shipping-taxable","11":"product-type-simple"},"acf":[],"_links":{"self":[{"href":"https:\/\/www.gotrailerpart.com\/es\/wp-json\/wp\/v2\/product\/2149","targetHints":{"allow":["GET"]}}],"collection":[{"href":"https:\/\/www.gotrailerpart.com\/es\/wp-json\/wp\/v2\/product"}],"about":[{"href":"https:\/\/www.gotrailerpart.com\/es\/wp-json\/wp\/v2\/types\/product"}],"replies":[{"embeddable":true,"href":"https:\/\/www.gotrailerpart.com\/es\/wp-json\/wp\/v2\/comments?post=2149"}],"wp:featuredmedia":[{"embeddable":true,"href":"https:\/\/www.gotrailerpart.com\/es\/wp-json\/wp\/v2\/media\/2150"}],"wp:attachment":[{"href":"https:\/\/www.gotrailerpart.com\/es\/wp-json\/wp\/v2\/media?parent=2149"}],"wp:term":[{"taxonomy":"product_brand","embeddable":true,"href":"https:\/\/www.gotrailerpart.com\/es\/wp-json\/wp\/v2\/product_brand?post=2149"},{"taxonomy":"product_cat","embeddable":true,"href":"https:\/\/www.gotrailerpart.com\/es\/wp-json\/wp\/v2\/product_cat?post=2149"},{"taxonomy":"product_tag","embeddable":true,"href":"https:\/\/www.gotrailerpart.com\/es\/wp-json\/wp\/v2\/product_tag?post=2149"}],"curies":[{"name":"wp","href":"https:\/\/api.w.org\/{rel}","templated":true}]}}