{"id":2305,"date":"2023-06-21T17:45:19","date_gmt":"2023-06-21T09:45:19","guid":{"rendered":"https:\/\/www.gotrailerpart.com\/?post_type=product&#038;p=2305"},"modified":"2025-01-13T12:29:50","modified_gmt":"2025-01-13T04:29:50","slug":"st235-85r16","status":"publish","type":"product","link":"https:\/\/www.gotrailerpart.com\/es\/product\/st235-85r16\/","title":{"rendered":"ST235 \/ 85R16 10 PR"},"content":{"rendered":"<p><span style=\"font-family: arial, helvetica, sans-serif; font-size: 14pt;\">TheSt235 \/85R16 10 PR Toiler Tire es una excelente opci\u00f3n para aquellos que buscan un neum\u00e1tico de alta calidad y duradero para su remolque. Una de las ventajas clave de Theest235 \/85R16 10 pris su excelente calidad. Este neum\u00e1tico est\u00e1 hecho de materiales de alta calidad y se fabrica con los m\u00e1s altos est\u00e1ndares, asegurando que sea duradero, confiable y duradero. Est\u00e1 dise\u00f1ado para resistir los rigores del uso pesado, por lo que es una opci\u00f3n ideal para aquellos que necesitan un neum\u00e1tico que pueda manejar condiciones dif\u00edciles.<\/span><\/p>\n<p><span style=\"font-family: arial, helvetica, sans-serif; font-size: 14pt;\">Nuestros neum\u00e1ticos de remolque est\u00e1n dise\u00f1ados para proporcionar un rendimiento y confiabilidad excepcionales para todas sus necesidades de remolque. Hecho en mente con precisi\u00f3n y durabilidad, estos neum\u00e1ticos est\u00e1n dise\u00f1ados para manejar los desaf\u00edos \u00fanicos del transporte de remolques.<\/span><\/p>\n<p><span style=\"font-family: arial, helvetica, sans-serif; font-size: 14pt;\">Construidos a partir de compuestos de caucho de alta calidad, nuestros neum\u00e1ticos de remolques ofrecen una excelente tracci\u00f3n en varias superficies de carretera, asegurando un viaje estable y seguro. El patr\u00f3n de la banda de rodadura est\u00e1 especialmente dise\u00f1ado para resistir el desgaste y proporcionar un agarre \u00f3ptimo, incluso en condiciones h\u00famedas o resbaladizas.<\/span><\/p>\n<p><span style=\"font-family: arial, helvetica, sans-serif; font-size: 14pt;\">Con las paredes laterales reforzadas, estos neum\u00e1ticos pueden soportar las cargas pesadas y las fuerzas laterales ejercidas durante el remolque, reduciendo el riesgo de explosiones y mejorando la seguridad general. La construcci\u00f3n robusta tambi\u00e9n ayuda a minimizar la acumulaci\u00f3n de calor, prolongando la vida \u00fatil del neum\u00e1tico y reduciendo las posibilidades de falla prematura.<\/span><\/p>\n<p><span style=\"font-family: arial, helvetica, sans-serif; font-size: 14pt;\">Nuestros neum\u00e1ticos de remolques vienen en una variedad de tama\u00f1os y clasificaciones de carga para acomodar diferentes tipos de remolques y cargas \u00fatiles. Ya sea que est\u00e9 transportando un peque\u00f1o remolque de servicios p\u00fablicos o un gran remolque comercial, tenemos el neum\u00e1tico perfecto para igualar sus requisitos.<\/span><\/p>\n<p><span style=\"font-family: arial, helvetica, sans-serif; font-size: 14pt;\">Dise\u00f1ados para viajes de larga distancia y uso frecuente, estos neum\u00e1ticos ofrecen baja resistencia a la rodadura, lo que ayuda a mejorar la eficiencia del combustible y reduce los costos operativos. Tambi\u00e9n proporcionan una conducci\u00f3n suave y tranquila, minimizando las vibraciones y el ruido para una experiencia de remolque m\u00e1s c\u00f3moda.<\/span><\/p>\n<p><span style=\"font-family: arial, helvetica, sans-serif; font-size: 14pt;\">Adem\u00e1s de sus caracter\u00edsticas de rendimiento, nuestros neum\u00e1ticos de trailer experimentan pruebas rigurosas para cumplir o superar los est\u00e1ndares de la industria de calidad y seguridad. Puede confiar en ellos para que se desempe\u00f1en de manera confiable, milla tras milla, d\u00e1ndote tranquilidad en el camino.<\/span><\/p>\n<p>&nbsp;<\/p>\n<p>&nbsp;<\/p>","protected":false},"excerpt":{"rendered":"<p><span style=\"font-family: arial, helvetica, sans-serif; font-size: 14pt;\"><strong><b>*<\/b><\/strong>Rimbre de la rueda: 61 \/ 2J<\/span><\/p>\n<p><span style=\"font-family: arial, helvetica, sans-serif; font-size: 14pt;\"><strong><b>*<\/b><\/strong>Grado de velocidad: 124 \/ 120L<\/span><\/p>\n<p><span style=\"font-family: arial, helvetica, sans-serif; font-size: 14pt;\"><strong><b>*<\/b><\/strong>Ancho de secci\u00f3n: 235<\/span><\/p>","protected":false},"featured_media":2397,"comment_status":"open","ping_status":"closed","template":"","meta":{"_acf_changed":false},"product_brand":[],"product_cat":[81],"product_tag":[],"class_list":{"0":"post-2305","1":"product","2":"type-product","3":"status-publish","4":"has-post-thumbnail","6":"product_cat-tyre","8":"first","9":"instock","10":"shipping-taxable","11":"product-type-simple"},"acf":[],"_links":{"self":[{"href":"https:\/\/www.gotrailerpart.com\/es\/wp-json\/wp\/v2\/product\/2305","targetHints":{"allow":["GET"]}}],"collection":[{"href":"https:\/\/www.gotrailerpart.com\/es\/wp-json\/wp\/v2\/product"}],"about":[{"href":"https:\/\/www.gotrailerpart.com\/es\/wp-json\/wp\/v2\/types\/product"}],"replies":[{"embeddable":true,"href":"https:\/\/www.gotrailerpart.com\/es\/wp-json\/wp\/v2\/comments?post=2305"}],"wp:featuredmedia":[{"embeddable":true,"href":"https:\/\/www.gotrailerpart.com\/es\/wp-json\/wp\/v2\/media\/2397"}],"wp:attachment":[{"href":"https:\/\/www.gotrailerpart.com\/es\/wp-json\/wp\/v2\/media?parent=2305"}],"wp:term":[{"taxonomy":"product_brand","embeddable":true,"href":"https:\/\/www.gotrailerpart.com\/es\/wp-json\/wp\/v2\/product_brand?post=2305"},{"taxonomy":"product_cat","embeddable":true,"href":"https:\/\/www.gotrailerpart.com\/es\/wp-json\/wp\/v2\/product_cat?post=2305"},{"taxonomy":"product_tag","embeddable":true,"href":"https:\/\/www.gotrailerpart.com\/es\/wp-json\/wp\/v2\/product_tag?post=2305"}],"curies":[{"name":"wp","href":"https:\/\/api.w.org\/{rel}","templated":true}]}}