{"id":2315,"date":"2023-06-25T10:58:55","date_gmt":"2023-06-25T02:58:55","guid":{"rendered":"https:\/\/www.gotrailerpart.com\/?post_type=product&#038;p=2315"},"modified":"2025-01-13T12:24:46","modified_gmt":"2025-01-13T04:24:46","slug":"7p-round-socket","status":"publish","type":"product","link":"https:\/\/www.gotrailerpart.com\/es\/product\/7p-round-socket\/","title":{"rendered":"7p enchufe redondo"},"content":{"rendered":"<p><span style=\"font-family: arial, helvetica, sans-serif; font-size: 14pt;\">Los enchufes de remolque son un componente esencial para remolcar veh\u00edculos y remolques. Hecho de material de PVC duradero, estos enchufes est\u00e1n dise\u00f1ados para soportar condiciones clim\u00e1ticas duras y uso constante. Su voltaje es 12V \/24v. Los enchufes del remolque proporcionan una conexi\u00f3n el\u00e9ctrica segura entre el veh\u00edculo de remolque y el remolque, lo que permite la transmisi\u00f3n de se\u00f1ales como luces de freno, indicadores y energ\u00eda a la bater\u00eda del remolque. Con su rendimiento confiable y su f\u00e1cil instalaci\u00f3n, los enchufes de remolques son imprescindibles para cualquier configuraci\u00f3n de remolque.<\/span><\/p>\n<p><span style=\"font-family: arial, helvetica, sans-serif; font-size: 14pt;\">Una toma de remolque, a menudo denominada enchufe de remolque o enchufe del remolque, es un componente crucial en el sistema de remolque de veh\u00edculos. Sirve como punto de conexi\u00f3n el\u00e9ctrica entre un veh\u00edculo de remolque y un remolque, lo que permite la transferencia de energ\u00eda a varias funciones del remolque, como luces, frenos y energ\u00eda auxiliar.<\/span><\/p>\n<p><span style=\"font-family: arial, helvetica, sans-serif; font-size: 14pt;\">Hay varias clasificaciones de enchufes de trailer basados \u200b\u200ben su dise\u00f1o y la cantidad de alfileres que contienen. Los tipos m\u00e1s comunes incluyen los conectores de 4 pines, 5 pines, 6 pines, 7 pines y 13 pines. La toma de 4 pines generalmente se usa para funciones de iluminaci\u00f3n b\u00e1sicas, que incluyen luces traseras, se\u00f1ales de giro y luces de freno. El enchufe de 7 pines es m\u00e1s vers\u00e1til y puede manejar funciones adicionales como frenos el\u00e9ctricos y luces de inversi\u00f3n, lo que lo hace adecuado para remolques m\u00e1s grandes. El conector de 13 pines a menudo se encuentra en Europa y est\u00e1 dise\u00f1ado para acomodar una gama m\u00e1s amplia de caracter\u00edsticas, incluida la carga de la bater\u00eda del remolque y las opciones de iluminaci\u00f3n adicionales.<\/span><\/p>\n<p><span style=\"font-family: arial, helvetica, sans-serif; font-size: 14pt;\">Las aplicaciones de los enchufes del remolque son vastas y variadas. Se usan com\u00fanmente en veh\u00edculos recreativos (RV), barcos y remolques de servicios p\u00fablicos, donde los sistemas el\u00e9ctricos son esenciales para garantizar la seguridad y la funcionalidad. Por ejemplo, en el caso de un RV, el enchufe permite la conexi\u00f3n de la iluminaci\u00f3n externa y los sistemas de energ\u00eda, mejorando la seguridad de los viajes nocturnos. En la industria de la navegaci\u00f3n, los enchufes del remolque facilitan el funcionamiento de las luces de navegaci\u00f3n y las luces de freno, que son vitales para el cumplimiento de las regulaciones mar\u00edtimas.<\/span><\/p>","protected":false},"excerpt":{"rendered":"<p><span style=\"font-family: arial, helvetica, sans-serif; font-size: 14pt;\">*Material: PVC<\/span><br \/>\n<span style=\"font-family: arial, helvetica, sans-serif; font-size: 14pt;\">*Volataje: 12V \/ 24V<\/span><\/p>","protected":false},"featured_media":2319,"comment_status":"open","ping_status":"closed","template":"","meta":{"_acf_changed":false},"product_brand":[],"product_cat":[89],"product_tag":[],"class_list":{"0":"post-2315","1":"product","2":"type-product","3":"status-publish","4":"has-post-thumbnail","6":"product_cat-socket-plug","8":"first","9":"instock","10":"shipping-taxable","11":"product-type-simple"},"acf":[],"_links":{"self":[{"href":"https:\/\/www.gotrailerpart.com\/es\/wp-json\/wp\/v2\/product\/2315","targetHints":{"allow":["GET"]}}],"collection":[{"href":"https:\/\/www.gotrailerpart.com\/es\/wp-json\/wp\/v2\/product"}],"about":[{"href":"https:\/\/www.gotrailerpart.com\/es\/wp-json\/wp\/v2\/types\/product"}],"replies":[{"embeddable":true,"href":"https:\/\/www.gotrailerpart.com\/es\/wp-json\/wp\/v2\/comments?post=2315"}],"wp:featuredmedia":[{"embeddable":true,"href":"https:\/\/www.gotrailerpart.com\/es\/wp-json\/wp\/v2\/media\/2319"}],"wp:attachment":[{"href":"https:\/\/www.gotrailerpart.com\/es\/wp-json\/wp\/v2\/media?parent=2315"}],"wp:term":[{"taxonomy":"product_brand","embeddable":true,"href":"https:\/\/www.gotrailerpart.com\/es\/wp-json\/wp\/v2\/product_brand?post=2315"},{"taxonomy":"product_cat","embeddable":true,"href":"https:\/\/www.gotrailerpart.com\/es\/wp-json\/wp\/v2\/product_cat?post=2315"},{"taxonomy":"product_tag","embeddable":true,"href":"https:\/\/www.gotrailerpart.com\/es\/wp-json\/wp\/v2\/product_tag?post=2315"}],"curies":[{"name":"wp","href":"https:\/\/api.w.org\/{rel}","templated":true}]}}