{"id":2329,"date":"2023-06-25T11:49:39","date_gmt":"2023-06-25T03:49:39","guid":{"rendered":"https:\/\/www.gotrailerpart.com\/?post_type=product&#038;p=2329"},"modified":"2025-01-13T12:22:56","modified_gmt":"2025-01-13T04:22:56","slug":"hydraulic-brake-50mm-square","status":"publish","type":"product","link":"https:\/\/www.gotrailerpart.com\/es\/product\/hydraulic-brake-50mm-square\/","title":{"rendered":"Eje de freno hidr\u00e1ulico de 50 mm cuadrado"},"content":{"rendered":"<p><span style=\"font-family: arial, helvetica, sans-serif; font-size: 14pt;\">Este eje est\u00e1 hecho de acero, eje cuadrado de 50 mm, capacidad de 2000 kg. Tambi\u00e9n est\u00e1 equipado con 2 piezas de 6 cubos de disco de 12 pulgadas, 2 pinzas de freno hidr\u00e1ulicas, 2 placas de anclaje, 2 rodamientos internos, 2 rodamientos externos, 1 tapa de polvo y 1 sello. <\/span><span style=\"font-family: arial, helvetica, sans-serif; font-size: 14pt;\">Los ejes de frenado hidr\u00e1ulico de disco de remolque son un componente esencial en el dise\u00f1o moderno del remolque, que ofrecen un mejor rendimiento y confiabilidad de frenado. Estos ejes se usan com\u00fanmente en diversas aplicaciones, incluidos veh\u00edculos recreativos, remolques de servicios p\u00fablicos, remolques de botes y remolques de transporte comercial. El sistema de frenado hidr\u00e1ulico proporciona una acci\u00f3n de frenado m\u00e1s efectiva y receptiva en comparaci\u00f3n con los frenos de tambor tradicionales, lo que los hace ideales para cargas pesadas y viajes de alta velocidad.<\/span><\/p>\n<p><span style=\"font-family: arial, helvetica, sans-serif; font-size: 14pt;\">Una de las ventajas clave de los frenos de disco es su capacidad para disipar el calor de manera m\u00e1s efectiva, lo que reduce el riesgo de desvanecimiento del freno durante el uso prolongado. Esta caracter\u00edstica es particularmente beneficiosa para los remolques que con frecuencia viajan en terreno monta\u00f1oso o llevan carga pesada. Adem\u00e1s, los frenos de disco son menos propensos a la corrosi\u00f3n y requieren menos mantenimiento, lo que los convierte en una opci\u00f3n preferida para muchos fabricantes de remolques.<\/span><\/p>\n<p><span style=\"font-family: arial, helvetica, sans-serif; font-size: 14pt;\">El mantenimiento de los ejes de frenado hidr\u00e1ulico de disco de remolque es crucial para garantizar un rendimiento y seguridad \u00f3ptimos. Las inspecciones regulares deben incluir verificar los niveles de l\u00edquido de frenos, inspeccionar las pastillas de freno y los rotores para el desgaste, y garantizar que las l\u00edneas hidr\u00e1ulicas est\u00e9n libres de fugas o da\u00f1os. Tambi\u00e9n es aconsejable limpiar peri\u00f3dicamente los componentes del freno para evitar la acumulaci\u00f3n de suciedad y escombros, lo que puede obstaculizar la eficiencia de frenado.<\/span><\/p>\n<p><span style=\"font-family: arial, helvetica, sans-serif; font-size: 14pt;\">La lubricaci\u00f3n de piezas m\u00f3viles, como cojinetes y articulaciones, es esencial para evitar el desgaste y garantizar un funcionamiento suave. Adem\u00e1s, los operadores deben monitorear la presi\u00f3n del neum\u00e1tico y la condici\u00f3n de la banda de rodadura, ya que estos factores pueden afectar significativamente el rendimiento del frenado y la seguridad general.<\/span><\/p>","protected":false},"excerpt":{"rendered":"<p><span style=\"font-family: arial, helvetica, sans-serif; font-size: 14pt;\"><strong>*<\/strong>eje cuadrado de 50 mm<\/span><\/p>\n<p><span style=\"font-family: arial, helvetica, sans-serif; font-size: 14pt;\"><strong>*<\/strong>Capacidad de 2000 kg<\/span><\/p>\n<p><span style=\"font-family: arial, helvetica, sans-serif; font-size: 14pt;\"><strong>*<\/strong>Galvanized \/Natural final<\/span><\/p>\n<p><span style=\"font-family: arial, helvetica, sans-serif; font-size: 14pt;\"><strong>*<\/strong>Con pinza de freno hidr\u00e1ulico<\/span><\/p>\n<p><span style=\"font-family: arial, helvetica, sans-serif; font-size: 14pt;\"><strong>*<\/strong>Una variedad de tama\u00f1os, capacidad y patr\u00f3n de pernos disponible<\/span><\/p>","protected":false},"featured_media":2461,"comment_status":"open","ping_status":"closed","template":"","meta":{"_acf_changed":false},"product_brand":[],"product_cat":[64],"product_tag":[],"class_list":{"0":"post-2329","1":"product","2":"type-product","3":"status-publish","4":"has-post-thumbnail","6":"product_cat-disc-braked","8":"first","9":"instock","10":"shipping-taxable","11":"product-type-simple"},"acf":[],"_links":{"self":[{"href":"https:\/\/www.gotrailerpart.com\/es\/wp-json\/wp\/v2\/product\/2329","targetHints":{"allow":["GET"]}}],"collection":[{"href":"https:\/\/www.gotrailerpart.com\/es\/wp-json\/wp\/v2\/product"}],"about":[{"href":"https:\/\/www.gotrailerpart.com\/es\/wp-json\/wp\/v2\/types\/product"}],"replies":[{"embeddable":true,"href":"https:\/\/www.gotrailerpart.com\/es\/wp-json\/wp\/v2\/comments?post=2329"}],"wp:featuredmedia":[{"embeddable":true,"href":"https:\/\/www.gotrailerpart.com\/es\/wp-json\/wp\/v2\/media\/2461"}],"wp:attachment":[{"href":"https:\/\/www.gotrailerpart.com\/es\/wp-json\/wp\/v2\/media?parent=2329"}],"wp:term":[{"taxonomy":"product_brand","embeddable":true,"href":"https:\/\/www.gotrailerpart.com\/es\/wp-json\/wp\/v2\/product_brand?post=2329"},{"taxonomy":"product_cat","embeddable":true,"href":"https:\/\/www.gotrailerpart.com\/es\/wp-json\/wp\/v2\/product_cat?post=2329"},{"taxonomy":"product_tag","embeddable":true,"href":"https:\/\/www.gotrailerpart.com\/es\/wp-json\/wp\/v2\/product_tag?post=2329"}],"curies":[{"name":"wp","href":"https:\/\/api.w.org\/{rel}","templated":true}]}}