{"id":2384,"date":"2023-06-27T11:21:36","date_gmt":"2023-06-27T03:21:36","guid":{"rendered":"https:\/\/www.gotrailerpart.com\/?post_type=product&#038;p=2384"},"modified":"2024-12-13T18:39:50","modified_gmt":"2024-12-13T10:39:50","slug":"7-way-blade-socket","status":"publish","type":"product","link":"https:\/\/www.gotrailerpart.com\/es\/product\/7-way-blade-socket\/","title":{"rendered":"caballero de la hoja de 7 v\u00edas"},"content":{"rendered":"<p><span style=\"font-family: arial, helvetica, sans-serif; font-size: 14pt;\">El z\u00f3calo de la cuchilla de 7 pines es una opci\u00f3n vers\u00e1til y duradera para conectar su remolque a su veh\u00edculo. Hecho de materiales de PVC de alta calidad, este enchufe est\u00e1 construido para soportar condiciones clim\u00e1ticas duras y un uso intensivo. Su voltaje es de 12V. Ya sea que est\u00e9 transportando un remolque de bote, RV o carga, la toma de remolques de 13 pines es un componente esencial para remolcadores seguros y confiables.<\/span><\/p>\n<p><span style=\"font-family: arial, helvetica, sans-serif; font-size: 14pt;\">Un z\u00f3calo de cuchilla de remolque es un componente crucial en los sistemas de remolque, dise\u00f1ado para facilitar la conexi\u00f3n entre un veh\u00edculo de remolque y un remolque. Estos enchufes se clasifican principalmente en funci\u00f3n de su funcionalidad y los tipos de remolques que est\u00e1n destinados a apoyar. Las clasificaciones m\u00e1s comunes incluyen sockets de 4 pines, 5 pines, 6 pines y 7 pines, cada una de las cuales atiende aplicaciones espec\u00edficas y proporciona diferentes niveles de conectividad.<\/span><\/p>\n<p><span style=\"font-family: arial, helvetica, sans-serif; font-size: 14pt;\">El enchufe de 4 pines es el tipo m\u00e1s simple, t\u00edpicamente utilizado para funciones de iluminaci\u00f3n b\u00e1sicas, como luces traseras y se\u00f1ales de giro. Este z\u00f3calo a menudo se encuentra en remolques m\u00e1s peque\u00f1os, como remolques de servicios p\u00fablicos y bastidores de bicicletas. La variante de 5 pines agrega un pin adicional para caracter\u00edsticas adicionales, como luces inversas, lo que lo hace adecuado para sistemas de remolques ligeramente m\u00e1s complejos.<\/span><\/p>\n<p><span style=\"font-family: arial, helvetica, sans-serif; font-size: 14pt;\">La toma de 6 pines se usa com\u00fanmente en veh\u00edculos recreativos y algunos remolques de botes, ofreciendo una funcionalidad mejorada al soportar los sistemas de iluminaci\u00f3n y frenado. El enchufe de 7 pines es el m\u00e1s vers\u00e1til y ampliamente utilizado para remolques m\u00e1s grandes, incluidos campistas y remolques de caballos. Acomoda varias funciones, incluidos frenos el\u00e9ctricos, energ\u00eda auxiliar y circuitos de iluminaci\u00f3n adicionales, lo que lo hace esencial para aplicaciones de remolque pesadas.<\/span><\/p>\n<p><span style=\"font-family: arial, helvetica, sans-serif; font-size: 14pt;\">Las aplicaciones de los enchufes de la cuchilla del remolque se extienden m\u00e1s all\u00e1 de la mera conectividad. Desempe\u00f1an un papel vital para garantizar la seguridad en la carretera al proporcionar conexiones el\u00e9ctricas confiables que alimenten las luces y los frenos del remolque. Los enchufes que funcionan correctamente ayudan a prevenir los accidentes causados \u200b\u200bpor las desconexiones del remolque o las luces de mal funcionamiento.<\/span><\/p>","protected":false},"excerpt":{"rendered":"<p><span style=\"font-family: arial, helvetica, sans-serif; font-size: 14pt;\">*Material: PVC<\/span><br \/>\n<span style=\"font-family: arial, helvetica, sans-serif; font-size: 14pt;\">*Volataje: 12V<\/span><\/p>","protected":false},"featured_media":2385,"comment_status":"open","ping_status":"closed","template":"","meta":{"_acf_changed":false},"product_brand":[],"product_cat":[89],"product_tag":[],"class_list":{"0":"post-2384","1":"product","2":"type-product","3":"status-publish","4":"has-post-thumbnail","6":"product_cat-socket-plug","8":"first","9":"instock","10":"shipping-taxable","11":"product-type-simple"},"acf":[],"_links":{"self":[{"href":"https:\/\/www.gotrailerpart.com\/es\/wp-json\/wp\/v2\/product\/2384","targetHints":{"allow":["GET"]}}],"collection":[{"href":"https:\/\/www.gotrailerpart.com\/es\/wp-json\/wp\/v2\/product"}],"about":[{"href":"https:\/\/www.gotrailerpart.com\/es\/wp-json\/wp\/v2\/types\/product"}],"replies":[{"embeddable":true,"href":"https:\/\/www.gotrailerpart.com\/es\/wp-json\/wp\/v2\/comments?post=2384"}],"wp:featuredmedia":[{"embeddable":true,"href":"https:\/\/www.gotrailerpart.com\/es\/wp-json\/wp\/v2\/media\/2385"}],"wp:attachment":[{"href":"https:\/\/www.gotrailerpart.com\/es\/wp-json\/wp\/v2\/media?parent=2384"}],"wp:term":[{"taxonomy":"product_brand","embeddable":true,"href":"https:\/\/www.gotrailerpart.com\/es\/wp-json\/wp\/v2\/product_brand?post=2384"},{"taxonomy":"product_cat","embeddable":true,"href":"https:\/\/www.gotrailerpart.com\/es\/wp-json\/wp\/v2\/product_cat?post=2384"},{"taxonomy":"product_tag","embeddable":true,"href":"https:\/\/www.gotrailerpart.com\/es\/wp-json\/wp\/v2\/product_tag?post=2384"}],"curies":[{"name":"wp","href":"https:\/\/api.w.org\/{rel}","templated":true}]}}