{"id":2586,"date":"2023-06-29T16:10:21","date_gmt":"2023-06-29T08:10:21","guid":{"rendered":"https:\/\/www.gotrailerpart.com\/?post_type=product&#038;p=2586"},"modified":"2024-12-13T18:30:39","modified_gmt":"2024-12-13T10:30:39","slug":"14-15-inch-painted-steel-rivet-trailer-wheel","status":"publish","type":"product","link":"https:\/\/www.gotrailerpart.com\/es\/product\/14-15-inch-painted-steel-rivet-trailer-wheel\/","title":{"rendered":"14 \/15 pulgada de remolque de acero pintado de pulgadas."},"content":{"rendered":"<p><span style=\"font-family: arial, helvetica, sans-serif; font-size: 14pt;\">La rueda del remolque de acero pintada de acero pintada de 14 \/15 pulgadas es una opci\u00f3n duradera y confiable para su remolque. Hecho de acero de alta calidad, esta rueda est\u00e1 construida para soportar los rigores de cargas pesadas y terreno \u00e1spero.<\/span><\/p>\n<p><span style=\"font-family: arial, helvetica, sans-serif; font-size: 14pt;\">La rueda presenta un acabado pintado que no solo se ve muy bien, sino que tambi\u00e9n proporciona protecci\u00f3n contra el \u00f3xido y la corrosi\u00f3n. El dise\u00f1o del remache agrega fuerza y \u200b\u200bestabilidad a la rueda, asegurando que pueda manejar incluso las condiciones m\u00e1s dif\u00edciles.<\/span><\/p>\n<p><span style=\"font-family: arial, helvetica, sans-serif; font-size: 14pt;\">Mediendo 14 o 15 pulgadas de di\u00e1metro, esta rueda de remolque es compatible con una amplia gama de remolques y veh\u00edculos. Tambi\u00e9n es f\u00e1cil de instalar, lo que lo convierte en una opci\u00f3n conveniente para entusiastas de bricolaje y profesionales por igual.<\/span><\/p>\n<p><img decoding=\"async\" class=\"alignnone size-medium wp-image-2587\" src=\"http:\/\/www.gotrailerpart.com\/wp-content\/uploads\/2023\/06\/\u5fae\u4fe1\u56fe\u7247_20230629154602-300x70.png\" alt=\"\" width=\"300\" height=\"70\" srcset=\"\" sizes=\"(max-width: 300px) 100vw, 300px\" data-srcset=\"\" \/><\/p>\n<p><span style=\"font-family: arial, helvetica, sans-serif; font-size: 14pt;\">El borde de la rueda automotriz no es solo un componente funcional de su veh\u00edculo;  Hecho a mano con precisi\u00f3n y dise\u00f1ada para la excelencia, nuestros bordes de ruedas est\u00e1n dise\u00f1ados para mejorar el aspecto general y la experiencia de conducci\u00f3n de su autom\u00f3vil.<\/span><\/p>\n<p><span style=\"font-family: arial, helvetica, sans-serif; font-size: 14pt;\">Construidos a partir de materiales de alta calidad, como aleaciones livianas o acero duradero, estos bordes ofrecen resistencia y un peso no reducido reducido, lo que contribuye a una mayor manejo y eficiencia de combustible. El meticuloso proceso de fabricaci\u00f3n garantiza un ajuste y un equilibrio perfecto, minimizando las vibraciones y maximizando la estabilidad a altas velocidades.<\/span><\/p>\n<p><span style=\"font-family: arial, helvetica, sans-serif; font-size: 14pt;\">Nuestras llantas de ruedas vienen en una amplia gama de dise\u00f1os elegantes, desde elegantes y modernos hasta cl\u00e1sicos y deportivos. Los acabados, incluidos el cromo, el mate y el pulido, agregan un toque de elegancia y personalidad a su veh\u00edculo. Ya sea que prefiera un aspecto audaz y agresivo o una est\u00e9tica sofisticada y discreta, hay un borde de la rueda para que coincida con su gusto.<\/span><\/p>\n<p><span style=\"font-family: arial, helvetica, sans-serif; font-size: 14pt;\">No solo mejoran la apariencia, sino que tambi\u00e9n juegan un papel crucial en la disipaci\u00f3n de calor, evitando el sobrecalentamiento de los frenos durante las intensas condiciones de conducci\u00f3n. La ingenier\u00eda precisa de los patrones de radios y los canales de ventilaci\u00f3n garantiza un flujo de aire \u00f3ptimo, manteniendo el rendimiento m\u00e1ximo y la seguridad.<\/span><\/p>\n<p><span style=\"font-family: arial, helvetica, sans-serif; font-size: 14pt;\">Dise\u00f1ados para resistir los rigores de la carretera y los elementos, nuestras llantas de ruedas est\u00e1n construidas para durar. Son resistentes a la corrosi\u00f3n, el impacto y la abrasi\u00f3n, proporcionando durabilidad y valor a largo plazo.<\/span><\/p>\n<p><span style=\"font-family: arial, helvetica, sans-serif; font-size: 14pt;\">Actualice su veh\u00edculo con nuestras bordes de ruedas excepcionales y transforma en una obra maestra que combina el estilo y la funcionalidad.<\/span><\/p>","protected":false},"excerpt":{"rendered":"<p>&nbsp;<\/p>\n<p>Tama\u00f1o 14*6<\/p>\n<p>ET 15 ~ -10<\/p>\n<p>PCD 6*114.3<\/p>\n<p>CB 68<\/p>","protected":false},"featured_media":2540,"template":"","meta":{"_acf_changed":false},"product_brand":[],"product_cat":[80],"product_tag":[],"class_list":{"0":"post-2586","1":"product","2":"type-product","3":"status-publish","4":"has-post-thumbnail","6":"product_cat-wheel","8":"first","9":"instock","10":"shipping-taxable","11":"product-type-simple"},"acf":[],"_links":{"self":[{"href":"https:\/\/www.gotrailerpart.com\/es\/wp-json\/wp\/v2\/product\/2586","targetHints":{"allow":["GET"]}}],"collection":[{"href":"https:\/\/www.gotrailerpart.com\/es\/wp-json\/wp\/v2\/product"}],"about":[{"href":"https:\/\/www.gotrailerpart.com\/es\/wp-json\/wp\/v2\/types\/product"}],"wp:featuredmedia":[{"embeddable":true,"href":"https:\/\/www.gotrailerpart.com\/es\/wp-json\/wp\/v2\/media\/2540"}],"wp:attachment":[{"href":"https:\/\/www.gotrailerpart.com\/es\/wp-json\/wp\/v2\/media?parent=2586"}],"wp:term":[{"taxonomy":"product_brand","embeddable":true,"href":"https:\/\/www.gotrailerpart.com\/es\/wp-json\/wp\/v2\/product_brand?post=2586"},{"taxonomy":"product_cat","embeddable":true,"href":"https:\/\/www.gotrailerpart.com\/es\/wp-json\/wp\/v2\/product_cat?post=2586"},{"taxonomy":"product_tag","embeddable":true,"href":"https:\/\/www.gotrailerpart.com\/es\/wp-json\/wp\/v2\/product_tag?post=2586"}],"curies":[{"name":"wp","href":"https:\/\/api.w.org\/{rel}","templated":true}]}}