{"id":2597,"date":"2023-06-29T16:57:31","date_gmt":"2023-06-29T08:57:31","guid":{"rendered":"https:\/\/www.gotrailerpart.com\/?post_type=product&#038;p=2597"},"modified":"2024-12-13T18:28:12","modified_gmt":"2024-12-13T10:28:12","slug":"15-inch-painted-aluminum-trailer-wheel","status":"publish","type":"product","link":"https:\/\/www.gotrailerpart.com\/es\/product\/15-inch-painted-aluminum-trailer-wheel\/","title":{"rendered":"rueda de remolque de aluminio pintada de 15 pulgadas"},"content":{"rendered":"<p><span style=\"font-family: arial, helvetica, sans-serif; font-size: 14pt;\">La rueda de remolque de aluminio pintada de 15 pulgadas es un producto duradero y de alta calidad dise\u00f1ado para usar en remolques de varios tama\u00f1os. Hecho con materiales premium y artesan\u00eda experta, esta rueda est\u00e1 construida para resistir las condiciones m\u00e1s dif\u00edciles y ofrecer un rendimiento sobresaliente.<\/span><\/p>\n<p><span style=\"font-family: arial, helvetica, sans-serif; font-size: 14pt;\">Con un dise\u00f1o elegante y elegante, esta rueda no solo es funcional, sino que tambi\u00e9n agrega un toque atractivo a cualquier remolque. El acabado pintado asegura que se ve bien, incluso despu\u00e9s de a\u00f1os de uso.<\/span><\/p>\n<p><span style=\"font-family: arial, helvetica, sans-serif; font-size: 14pt;\">Esta rueda es f\u00e1cil de instalar y se ajusta de forma segura a la mayor\u00eda de los ejes de remolque. Tambi\u00e9n proporciona una excelente tracci\u00f3n y estabilidad, asegurando una conducci\u00f3n suave y segura.<\/span><\/p>\n<p><img decoding=\"async\" class=\"alignnone size-full wp-image-2603\" src=\"http:\/\/www.gotrailerpart.com\/wp-content\/uploads\/2023\/06\/\u5fae\u4fe1\u56fe\u7247_20230629165143.png\" alt=\"\" width=\"294\" height=\"72\" \/><\/p>\n<p><span style=\"font-family: arial, helvetica, sans-serif; font-size: 14pt;\">El borde de la rueda automotriz no es solo un componente funcional de su veh\u00edculo;  Hecho a mano con precisi\u00f3n y dise\u00f1ada para la excelencia, nuestros bordes de ruedas est\u00e1n dise\u00f1ados para mejorar el aspecto general y la experiencia de conducci\u00f3n de su autom\u00f3vil.<\/span><\/p>\n<p><span style=\"font-family: arial, helvetica, sans-serif; font-size: 14pt;\">Construidos a partir de materiales de alta calidad, como aleaciones livianas o acero duradero, estos bordes ofrecen resistencia y un peso no reducido reducido, lo que contribuye a una mayor manejo y eficiencia de combustible. El meticuloso proceso de fabricaci\u00f3n garantiza un ajuste y un equilibrio perfecto, minimizando las vibraciones y maximizando la estabilidad a altas velocidades.<\/span><\/p>\n<p><span style=\"font-family: arial, helvetica, sans-serif; font-size: 14pt;\">Nuestras llantas de ruedas vienen en una amplia gama de dise\u00f1os elegantes, desde elegantes y modernos hasta cl\u00e1sicos y deportivos. Los acabados, incluidos el cromo, el mate y el pulido, agregan un toque de elegancia y personalidad a su veh\u00edculo. Ya sea que prefiera un aspecto audaz y agresivo o una est\u00e9tica sofisticada y discreta, hay un borde de la rueda para que coincida con su gusto.<\/span><\/p>\n<p><span style=\"font-family: arial, helvetica, sans-serif; font-size: 14pt;\">No solo mejoran la apariencia, sino que tambi\u00e9n juegan un papel crucial en la disipaci\u00f3n de calor, evitando el sobrecalentamiento de los frenos durante las intensas condiciones de conducci\u00f3n. La ingenier\u00eda precisa de los patrones de radios y los canales de ventilaci\u00f3n garantiza un flujo de aire \u00f3ptimo, manteniendo el rendimiento m\u00e1ximo y la seguridad.<\/span><\/p>\n<p><span style=\"font-family: arial, helvetica, sans-serif; font-size: 14pt;\">Dise\u00f1ados para resistir los rigores de la carretera y los elementos, nuestras llantas de ruedas est\u00e1n construidas para durar. Son resistentes a la corrosi\u00f3n, el impacto y la abrasi\u00f3n, proporcionando durabilidad y valor a largo plazo.<\/span><\/p>\n<p><span style=\"font-family: arial, helvetica, sans-serif; font-size: 14pt;\">Actualice su veh\u00edculo con nuestras bordes de ruedas excepcionales y transforma en una obra maestra que combina el estilo y la funcionalidad.<\/span><\/p>","protected":false},"excerpt":{"rendered":"<p>&nbsp;<\/p>\n<p>Tama\u00f1o 15*8.0<\/p>\n<p>ET 0<\/p>\n<p>PCD 4*114.3<\/p>","protected":false},"featured_media":2548,"comment_status":"open","ping_status":"closed","template":"","meta":{"_acf_changed":false},"product_brand":[],"product_cat":[80],"product_tag":[],"class_list":{"0":"post-2597","1":"product","2":"type-product","3":"status-publish","4":"has-post-thumbnail","6":"product_cat-wheel","8":"first","9":"instock","10":"shipping-taxable","11":"product-type-simple"},"acf":[],"_links":{"self":[{"href":"https:\/\/www.gotrailerpart.com\/es\/wp-json\/wp\/v2\/product\/2597","targetHints":{"allow":["GET"]}}],"collection":[{"href":"https:\/\/www.gotrailerpart.com\/es\/wp-json\/wp\/v2\/product"}],"about":[{"href":"https:\/\/www.gotrailerpart.com\/es\/wp-json\/wp\/v2\/types\/product"}],"replies":[{"embeddable":true,"href":"https:\/\/www.gotrailerpart.com\/es\/wp-json\/wp\/v2\/comments?post=2597"}],"wp:featuredmedia":[{"embeddable":true,"href":"https:\/\/www.gotrailerpart.com\/es\/wp-json\/wp\/v2\/media\/2548"}],"wp:attachment":[{"href":"https:\/\/www.gotrailerpart.com\/es\/wp-json\/wp\/v2\/media?parent=2597"}],"wp:term":[{"taxonomy":"product_brand","embeddable":true,"href":"https:\/\/www.gotrailerpart.com\/es\/wp-json\/wp\/v2\/product_brand?post=2597"},{"taxonomy":"product_cat","embeddable":true,"href":"https:\/\/www.gotrailerpart.com\/es\/wp-json\/wp\/v2\/product_cat?post=2597"},{"taxonomy":"product_tag","embeddable":true,"href":"https:\/\/www.gotrailerpart.com\/es\/wp-json\/wp\/v2\/product_tag?post=2597"}],"curies":[{"name":"wp","href":"https:\/\/api.w.org\/{rel}","templated":true}]}}