{"id":2737,"date":"2023-07-05T15:43:42","date_gmt":"2023-07-05T07:43:42","guid":{"rendered":"https:\/\/www.gotrailerpart.com\/?post_type=product&#038;p=2737"},"modified":"2024-12-13T18:26:20","modified_gmt":"2024-12-13T10:26:20","slug":"1200lbs-australia-jockey-wheel","status":"publish","type":"product","link":"https:\/\/www.gotrailerpart.com\/es\/product\/1200lbs-australia-jockey-wheel\/","title":{"rendered":"1200 libras, 10 \u2033 Rueda de jockey de Australia"},"content":{"rendered":"<p><span style=\"font-family: arial, helvetica, sans-serif; font-size: 14pt;\">Con 1200 libras.  Una rueda de jockey de remolque es una rueda peque\u00f1a y resistente montada en la parte delantera de un remolque que se utiliza para maniobrar el remolque en espacios t\u00e1ctiles o colocarlo para enganchar o desintegrarse. La rueda est\u00e1 montada en un soporte giratorio, lo que le permite girar en cualquier direcci\u00f3n. La rueda de jockey es un accesorio vers\u00e1til y esencial para cualquier persona que con frecuencia mueva remolques, proporcionando un mayor control y maniobrabilidad en espacios estrechos.<\/span><\/p>","protected":false},"excerpt":{"rendered":"<p><span style=\"font-family: arial, helvetica, sans-serif; font-size: 14pt;\"><strong>*<\/strong>1200 libras<\/span><\/p>\n<p><span style=\"font-family: arial, helvetica, sans-serif; font-size: 14pt;\"><strong>*<\/strong>10 \u2018\u2019 rueda de goma con borde de metal<\/span><\/p>\n<p><span style=\"font-family: arial, helvetica, sans-serif; font-size: 14pt;\"><strong>*<\/strong>Viaje de 10 pulgadas, tuber\u00eda de \u03c648 mm<\/span><\/p>\n<p><span style=\"font-family: arial, helvetica, sans-serif; font-size: 14pt;\"><strong>*<\/strong>Viento superior con soporte<\/span><\/p>\n<p><span style=\"font-family: arial, helvetica, sans-serif; font-size: 14pt;\"><strong>*<\/strong>Tratamiento de superficie galvanizado<\/span><\/p>","protected":false},"featured_media":2035,"comment_status":"open","ping_status":"closed","template":"","meta":{"_acf_changed":false},"product_brand":[],"product_cat":[58,35],"product_tag":[],"class_list":{"0":"post-2737","1":"product","2":"type-product","3":"status-publish","4":"has-post-thumbnail","6":"product_cat-australian-standard","7":"product_cat-jockey-wheel","9":"first","10":"instock","11":"shipping-taxable","12":"product-type-simple"},"acf":[],"_links":{"self":[{"href":"https:\/\/www.gotrailerpart.com\/es\/wp-json\/wp\/v2\/product\/2737","targetHints":{"allow":["GET"]}}],"collection":[{"href":"https:\/\/www.gotrailerpart.com\/es\/wp-json\/wp\/v2\/product"}],"about":[{"href":"https:\/\/www.gotrailerpart.com\/es\/wp-json\/wp\/v2\/types\/product"}],"replies":[{"embeddable":true,"href":"https:\/\/www.gotrailerpart.com\/es\/wp-json\/wp\/v2\/comments?post=2737"}],"wp:featuredmedia":[{"embeddable":true,"href":"https:\/\/www.gotrailerpart.com\/es\/wp-json\/wp\/v2\/media\/2035"}],"wp:attachment":[{"href":"https:\/\/www.gotrailerpart.com\/es\/wp-json\/wp\/v2\/media?parent=2737"}],"wp:term":[{"taxonomy":"product_brand","embeddable":true,"href":"https:\/\/www.gotrailerpart.com\/es\/wp-json\/wp\/v2\/product_brand?post=2737"},{"taxonomy":"product_cat","embeddable":true,"href":"https:\/\/www.gotrailerpart.com\/es\/wp-json\/wp\/v2\/product_cat?post=2737"},{"taxonomy":"product_tag","embeddable":true,"href":"https:\/\/www.gotrailerpart.com\/es\/wp-json\/wp\/v2\/product_tag?post=2737"}],"curies":[{"name":"wp","href":"https:\/\/api.w.org\/{rel}","templated":true}]}}