{"id":2738,"date":"2023-07-04T10:08:17","date_gmt":"2023-07-04T02:08:17","guid":{"rendered":"https:\/\/www.gotrailerpart.com\/?post_type=product&#038;p=2738"},"modified":"2024-12-13T18:26:26","modified_gmt":"2024-12-13T10:26:26","slug":"5400x2000mm-box-cage-trailer","status":"publish","type":"product","link":"https:\/\/www.gotrailerpart.com\/es\/product\/5400x2000mm-box-cage-trailer\/","title":{"rendered":"Box 5400x2000mm \/Cage trailer"},"content":{"rendered":"<p><span style=\"font-family: arial, helvetica, sans-serif; font-size: 14pt;\">El remolque de la jaula es de 5400x2000 mm, peso: 700 kg, carga \u00fatil: 1200 kg, acabado galvanizado caliente. El Box \/cage es un dispositivo de transporte vers\u00e1til y pr\u00e1ctico utilizado para transportar varios art\u00edculos y bienes. Sirve como un recipiente seguro y cerrado que se puede unir a un veh\u00edculo, como un cami\u00f3n o un autom\u00f3vil, para transportar productos. <\/span><span style=\"font-family: arial, helvetica, sans-serif; font-size: 14pt;\">El material principal utilizado en la construcci\u00f3n de remolques de jaulas es t\u00edpicamente acero o aluminio de servicio pesado, lo que garantiza la durabilidad y la resistencia al tiempo que mantiene una estructura relativamente liviana. El marco generalmente est\u00e1 soldado para mayor estabilidad, y la superficie a menudo se trata con recubrimientos resistentes a la intemperie para proteger contra el \u00f3xido y la corrosi\u00f3n.<\/span><\/p>\n<p><span style=\"font-family: arial, helvetica, sans-serif; font-size: 14pt;\">La construcci\u00f3n de un remolque de jaula presenta una base rectangular con un dise\u00f1o de cama plana que permite una f\u00e1cil carga y descarga de materiales. Los lados del remolque est\u00e1n encerrados con paneles de malla o s\u00f3lidos, formando una estructura similar a la jaula que asegura la carga mientras proporciona visibilidad y ventilaci\u00f3n. Este dise\u00f1o es particularmente ventajoso cuando se transporta materiales sueltos, ya que previene el derrame durante el tr\u00e1nsito. Muchos remolques de jaula tambi\u00e9n vienen equipados con un port\u00f3n trasero extra\u00edble o plegable, que facilita un f\u00e1cil acceso al \u00e1rea de carga.<\/span><\/p>\n<p><span style=\"font-family: arial, helvetica, sans-serif; font-size: 14pt;\">Los remolques de la jaula tienen una amplia gama de prop\u00f3sitos en varias industrias. Se usan com\u00fanmente en paisajismo y jardiner\u00eda para transportar tierra, mantillo, plantas y desechos de jard\u00edn. Las empresas de construcci\u00f3n a menudo utilizan remolques de jaulas para herramientas de transporte, equipos y escombros de sitios de trabajo. Adem\u00e1s, son populares entre los propietarios de viviendas y los entusiastas del bricolaje para mover art\u00edculos durante los proyectos de renovaci\u00f3n del hogar o para los viajes al vertedero.<\/span><\/p>","protected":false},"excerpt":{"rendered":"<p><span style=\"font-family: arial, helvetica, sans-serif; font-size: 14pt;\"><strong>*<\/strong>5400x2000 mm<\/span><\/p>\n<p><span style=\"font-family: arial, helvetica, sans-serif; font-size: 14pt;\"><strong>*<\/strong>Carga \u00fatil de 1200 kg<\/span><\/p>\n<p><span style=\"font-family: arial, helvetica, sans-serif; font-size: 14pt;\"><strong>*<\/strong>Frenos - hidr\u00e1ulico, mec\u00e1nico o el\u00e9ctrico<\/span><\/p>\n<p><span style=\"font-family: arial, helvetica, sans-serif; font-size: 14pt;\"><strong>*<\/strong>Ejes en t\u00e1ndem<\/span><\/p>\n<p><span style=\"font-family: arial, helvetica, sans-serif; font-size: 14pt;\"><strong>*<\/strong>Acabado galvanizado<\/span><\/p>","protected":false},"featured_media":2660,"comment_status":"open","ping_status":"closed","template":"","meta":{"_acf_changed":false},"product_brand":[],"product_cat":[24],"product_tag":[],"class_list":{"0":"post-2738","1":"product","2":"type-product","3":"status-publish","4":"has-post-thumbnail","6":"product_cat-box-cage-trailer-motocycle-trailer-atv-utv-trailer","8":"first","9":"instock","10":"shipping-taxable","11":"product-type-simple"},"acf":[],"_links":{"self":[{"href":"https:\/\/www.gotrailerpart.com\/es\/wp-json\/wp\/v2\/product\/2738","targetHints":{"allow":["GET"]}}],"collection":[{"href":"https:\/\/www.gotrailerpart.com\/es\/wp-json\/wp\/v2\/product"}],"about":[{"href":"https:\/\/www.gotrailerpart.com\/es\/wp-json\/wp\/v2\/types\/product"}],"replies":[{"embeddable":true,"href":"https:\/\/www.gotrailerpart.com\/es\/wp-json\/wp\/v2\/comments?post=2738"}],"wp:featuredmedia":[{"embeddable":true,"href":"https:\/\/www.gotrailerpart.com\/es\/wp-json\/wp\/v2\/media\/2660"}],"wp:attachment":[{"href":"https:\/\/www.gotrailerpart.com\/es\/wp-json\/wp\/v2\/media?parent=2738"}],"wp:term":[{"taxonomy":"product_brand","embeddable":true,"href":"https:\/\/www.gotrailerpart.com\/es\/wp-json\/wp\/v2\/product_brand?post=2738"},{"taxonomy":"product_cat","embeddable":true,"href":"https:\/\/www.gotrailerpart.com\/es\/wp-json\/wp\/v2\/product_cat?post=2738"},{"taxonomy":"product_tag","embeddable":true,"href":"https:\/\/www.gotrailerpart.com\/es\/wp-json\/wp\/v2\/product_tag?post=2738"}],"curies":[{"name":"wp","href":"https:\/\/api.w.org\/{rel}","templated":true}]}}