{"id":3359,"date":"2023-09-15T17:43:00","date_gmt":"2023-09-15T09:43:00","guid":{"rendered":"https:\/\/www.gotrailerpart.com\/?post_type=product&#038;p=3359"},"modified":"2024-12-13T18:21:33","modified_gmt":"2024-12-13T10:21:33","slug":"1500lbs-wire-rope-winch","status":"publish","type":"product","link":"https:\/\/www.gotrailerpart.com\/es\/product\/1500lbs-wire-rope-winch\/","title":{"rendered":"1500 libras de cabrestante de cuerda de alambre"},"content":{"rendered":"<p><span style=\"font-size: 14pt; font-family: arial, helvetica, sans-serif;\">La capacidad de este cabrestante es de 1500 libras con cuerda de alambre. Tratamiento de pulverizaci\u00f3n profesional, resistente a la corrosi\u00f3n y roya, manejan el dise\u00f1o ergon\u00f3mico, resistencia al desgaste contra el deslizamiento. La transmisi\u00f3n de engranajes de dos etapas es segura y eficiente, el mango de freno de emergencia es f\u00e1cil de agarrar, asegurando la seguridad.<\/span><\/p>\n<table width=\"780\">\n<tbody>\n<tr>\n<td width=\"112\"><span style=\"font-size: 14pt; font-family: arial, helvetica, sans-serif;\"><b>Nombre<\/b><\/span><\/td>\n<td width=\"39\"><span style=\"font-size: 14pt; font-family: arial, helvetica, sans-serif;\"><b>Tracci\u00f3n lateral<\/b><\/span><\/td>\n<td width=\"68\"><span style=\"font-size: 14pt; font-family: arial, helvetica, sans-serif;\"><b>Azulamiento inferior y superior<\/b><\/span><\/td>\n<td width=\"66\"><span style=\"font-size: 14pt; font-family: arial, helvetica, sans-serif;\"><b>Relaci\u00f3n de velocidad<\/b><\/span><\/td>\n<td width=\"94\"><span style=\"font-size: 14pt; font-family: arial, helvetica, sans-serif;\"><b>Di\u00e1metro interno del disco de bater\u00eda \/ (mm)<\/b><\/span><\/td>\n<td width=\"82\"><span style=\"font-size: 14pt; font-family: arial, helvetica, sans-serif;\"><b>Di\u00e1metro exterior del disco de tambor \/ (mm)<\/b><\/span><\/td>\n<td width=\"90\"><span style=\"font-size: 14pt; font-family: arial, helvetica, sans-serif;\"><b>Longitud<\/b><\/span><\/td>\n<td width=\"78\"><span style=\"font-size: 14pt; font-family: arial, helvetica, sans-serif;\"><b>Cintur\u00f3n \/wire ancho de la cuerda<\/b><\/span><\/td>\n<td width=\"147\"><span style=\"font-size: 14pt; font-family: arial, helvetica, sans-serif;\"><b>Peso<\/b><\/span><\/td>\n<\/tr>\n<tr>\n<td width=\"112\"><span style=\"font-size: 14pt; font-family: arial, helvetica, sans-serif;\">Cintur\u00f3n trenzado de 1200 libras<\/span><\/td>\n<td width=\"39\"><span style=\"font-size: 14pt; font-family: arial, helvetica, sans-serif;\">500KG<\/span><\/td>\n<td width=\"68\"><span style=\"font-size: 14pt; font-family: arial, helvetica, sans-serif;\">150KG<\/span><\/td>\n<td width=\"66\"><span style=\"font-size: 14pt; font-family: arial, helvetica, sans-serif;\">4.2:1<\/span><\/td>\n<td width=\"94\"><span style=\"font-size: 14pt; font-family: arial, helvetica, sans-serif;\">20<\/span><\/td>\n<td width=\"82\"><span style=\"font-size: 14pt; font-family: arial, helvetica, sans-serif;\">138<\/span><\/td>\n<td width=\"90\"><span style=\"font-size: 14pt; font-family: arial, helvetica, sans-serif;\">8M \/ 12M<\/span><\/td>\n<td width=\"78\"><span style=\"font-size: 14pt; font-family: arial, helvetica, sans-serif;\">50 mm<\/span><\/td>\n<td width=\"147\"><span style=\"font-size: 14pt; font-family: arial, helvetica, sans-serif;\">3.5KG\/3.8KG<\/span><\/td>\n<\/tr>\n<tr>\n<td width=\"112\"><span style=\"font-size: 14pt; font-family: arial, helvetica, sans-serif;\">Cuerda de alambre de 1200 libras<\/span><\/td>\n<td width=\"39\"><span style=\"font-size: 14pt; font-family: arial, helvetica, sans-serif;\">500KG<\/span><\/td>\n<td width=\"68\"><span style=\"font-size: 14pt; font-family: arial, helvetica, sans-serif;\">150KG<\/span><\/td>\n<td width=\"66\"><span style=\"font-size: 14pt; font-family: arial, helvetica, sans-serif;\">4.2:1<\/span><\/td>\n<td width=\"94\"><span style=\"font-size: 14pt; font-family: arial, helvetica, sans-serif;\">20<\/span><\/td>\n<td width=\"82\"><span style=\"font-size: 14pt; font-family: arial, helvetica, sans-serif;\">138<\/span><\/td>\n<td width=\"90\"><span style=\"font-size: 14pt; font-family: arial, helvetica, sans-serif;\">10M \/ 30M<\/span><\/td>\n<td width=\"78\"><span style=\"font-size: 14pt; font-family: arial, helvetica, sans-serif;\">4 mm<\/span><\/td>\n<td width=\"147\"><span style=\"font-size: 14pt; font-family: arial, helvetica, sans-serif;\">3.7KG\/5.2KG<\/span><\/td>\n<\/tr>\n<tr>\n<td width=\"112\"><span style=\"font-size: 14pt; font-family: arial, helvetica, sans-serif;\">Cuerda de alambre de 1600 libras<\/span><\/td>\n<td width=\"39\"><span style=\"font-size: 14pt; font-family: arial, helvetica, sans-serif;\">720KG<\/span><\/td>\n<td width=\"68\"><span style=\"font-size: 14pt; font-family: arial, helvetica, sans-serif;\">200KG<\/span><\/td>\n<td width=\"66\"><span style=\"font-size: 14pt; font-family: arial, helvetica, sans-serif;\">4:1<\/span><\/td>\n<td width=\"94\"><span style=\"font-size: 14pt; font-family: arial, helvetica, sans-serif;\">63<\/span><\/td>\n<td width=\"82\"><span style=\"font-size: 14pt; font-family: arial, helvetica, sans-serif;\">138<\/span><\/td>\n<td width=\"90\"><span style=\"font-size: 14pt; font-family: arial, helvetica, sans-serif;\">10M \/ 30M<\/span><\/td>\n<td width=\"78\"><span style=\"font-size: 14pt; font-family: arial, helvetica, sans-serif;\">4 mm<\/span><\/td>\n<td width=\"147\"><span style=\"font-size: 14pt; font-family: arial, helvetica, sans-serif;\">4.2KG\/5.8KG<\/span><\/td>\n<\/tr>\n<tr>\n<td width=\"112\"><span style=\"font-size: 14pt; font-family: arial, helvetica, sans-serif;\">Cintur\u00f3n trenzado de 2000 libras<\/span><\/td>\n<td width=\"39\"><span style=\"font-size: 14pt; font-family: arial, helvetica, sans-serif;\">1000KG<\/span><\/td>\n<td width=\"68\"><span style=\"font-size: 14pt; font-family: arial, helvetica, sans-serif;\">400KG<\/span><\/td>\n<td width=\"66\"><span style=\"font-size: 14pt; font-family: arial, helvetica, sans-serif;\">4.2:1<\/span><\/td>\n<td width=\"94\"><span style=\"font-size: 14pt; font-family: arial, helvetica, sans-serif;\">20<\/span><\/td>\n<td width=\"82\"><span style=\"font-size: 14pt; font-family: arial, helvetica, sans-serif;\">138<\/span><\/td>\n<td width=\"90\"><span style=\"font-size: 14pt; font-family: arial, helvetica, sans-serif;\">8M \/ 12M<\/span><\/td>\n<td width=\"78\"><span style=\"font-size: 14pt; font-family: arial, helvetica, sans-serif;\">50 mm<\/span><\/td>\n<td width=\"147\"><span style=\"font-size: 14pt; font-family: arial, helvetica, sans-serif;\">4KG\/4.2KG<\/span><\/td>\n<\/tr>\n<tr>\n<td width=\"112\"><span style=\"font-size: 14pt; font-family: arial, helvetica, sans-serif;\">Cable de alambre de 2000 libras<\/span><\/td>\n<td width=\"39\"><span style=\"font-size: 14pt; font-family: arial, helvetica, sans-serif;\">1000KG<\/span><\/td>\n<td width=\"68\"><span style=\"font-size: 14pt; font-family: arial, helvetica, sans-serif;\">400KG<\/span><\/td>\n<td width=\"66\"><span style=\"font-size: 14pt; font-family: arial, helvetica, sans-serif;\">4.2:1<\/span><\/td>\n<td width=\"94\"><span style=\"font-size: 14pt; font-family: arial, helvetica, sans-serif;\">20<\/span><\/td>\n<td width=\"82\"><span style=\"font-size: 14pt; font-family: arial, helvetica, sans-serif;\">138<\/span><\/td>\n<td width=\"90\"><span style=\"font-size: 14pt; font-family: arial, helvetica, sans-serif;\">10M \/ 20M<\/span><\/td>\n<td width=\"78\"><span style=\"font-size: 14pt; font-family: arial, helvetica, sans-serif;\">5 mm<\/span><\/td>\n<td width=\"147\"><span style=\"font-size: 14pt; font-family: arial, helvetica, sans-serif;\">4.2KG\/5.8KG<\/span><\/td>\n<\/tr>\n<tr>\n<td width=\"112\"><span style=\"font-size: 14pt; font-family: arial, helvetica, sans-serif;\">Cintur\u00f3n trenzado de 2500 libras<\/span><\/td>\n<td width=\"39\"><span style=\"font-size: 14pt; font-family: arial, helvetica, sans-serif;\">1150KG<\/span><\/td>\n<td width=\"68\"><span style=\"font-size: 14pt; font-family: arial, helvetica, sans-serif;\">500KG<\/span><\/td>\n<td width=\"66\"><span style=\"font-size: 14pt; font-family: arial, helvetica, sans-serif;\">5.4:1<\/span><\/p>\n<p><span style=\"font-size: 14pt; font-family: arial, helvetica, sans-serif;\">15.2:1<\/span><\/td>\n<td width=\"94\"><span style=\"font-size: 14pt; font-family: arial, helvetica, sans-serif;\">28<\/span><\/td>\n<td width=\"82\"><span style=\"font-size: 14pt; font-family: arial, helvetica, sans-serif;\">169<\/span><\/td>\n<td width=\"90\"><span style=\"font-size: 14pt; font-family: arial, helvetica, sans-serif;\">10M<\/span><\/td>\n<td width=\"78\"><span style=\"font-size: 14pt; font-family: arial, helvetica, sans-serif;\">60 mm<\/span><\/td>\n<td width=\"147\"><span style=\"font-size: 14pt; font-family: arial, helvetica, sans-serif;\">7.8KG<\/span><\/td>\n<\/tr>\n<tr>\n<td width=\"112\"><span style=\"font-size: 14pt; font-family: arial, helvetica, sans-serif;\">Cuerda de alambre de 2500 libras<\/span><\/td>\n<td width=\"39\"><span style=\"font-size: 14pt; font-family: arial, helvetica, sans-serif;\">1150KG<\/span><\/td>\n<td width=\"68\"><span style=\"font-size: 14pt; font-family: arial, helvetica, sans-serif;\">500KG<\/span><\/td>\n<td width=\"66\"><span style=\"font-size: 14pt; font-family: arial, helvetica, sans-serif;\">5.4:1<\/span><\/p>\n<p><span style=\"font-size: 14pt; font-family: arial, helvetica, sans-serif;\">15.2:1<\/span><\/td>\n<td width=\"94\"><span style=\"font-size: 14pt; font-family: arial, helvetica, sans-serif;\">28<\/span><\/td>\n<td width=\"82\"><span style=\"font-size: 14pt; font-family: arial, helvetica, sans-serif;\">169<\/span><\/td>\n<td width=\"90\"><span style=\"font-size: 14pt; font-family: arial, helvetica, sans-serif;\">10M<\/span><\/td>\n<td width=\"78\"><span style=\"font-size: 14pt; font-family: arial, helvetica, sans-serif;\">5 mm<\/span><\/td>\n<td width=\"147\"><span style=\"font-size: 14pt; font-family: arial, helvetica, sans-serif;\">9.6KG<\/span><\/td>\n<\/tr>\n<tr>\n<td width=\"112\"><span style=\"font-size: 14pt; font-family: arial, helvetica, sans-serif;\">Cuerda de alambre de 1200 libras<\/span><\/td>\n<td width=\"39\"><span style=\"font-size: 14pt; font-family: arial, helvetica, sans-serif;\">500KG<\/span><\/td>\n<td width=\"68\"><span style=\"font-size: 14pt; font-family: arial, helvetica, sans-serif;\">150KG<\/span><\/td>\n<td width=\"66\"><span style=\"font-size: 14pt; font-family: arial, helvetica, sans-serif;\">4:1<\/span><\/td>\n<td width=\"94\"><span style=\"font-size: 14pt; font-family: arial, helvetica, sans-serif;\">48<\/span><\/td>\n<td width=\"82\"><span style=\"font-size: 14pt; font-family: arial, helvetica, sans-serif;\">132<\/span><\/td>\n<td width=\"90\"><span style=\"font-size: 14pt; font-family: arial, helvetica, sans-serif;\">5M - 30M<\/span><\/td>\n<td width=\"78\"><span style=\"font-size: 14pt; font-family: arial, helvetica, sans-serif;\">4 mm<\/span><\/td>\n<td width=\"147\"><span style=\"font-size: 14pt; font-family: arial, helvetica, sans-serif;\">4KG<\/span><\/td>\n<\/tr>\n<tr>\n<td width=\"112\"><span style=\"font-size: 14pt; font-family: arial, helvetica, sans-serif;\">Cable de alambre de 1800 libras<\/span><\/td>\n<td width=\"39\"><span style=\"font-size: 14pt; font-family: arial, helvetica, sans-serif;\">800KG<\/span><\/td>\n<td width=\"68\"><span style=\"font-size: 14pt; font-family: arial, helvetica, sans-serif;\">300KG<\/span><\/td>\n<td width=\"66\"><span style=\"font-size: 14pt; font-family: arial, helvetica, sans-serif;\">4:1<\/span><\/td>\n<td width=\"94\"><span style=\"font-size: 14pt; font-family: arial, helvetica, sans-serif;\">60<\/span><\/td>\n<td width=\"82\"><span style=\"font-size: 14pt; font-family: arial, helvetica, sans-serif;\">180<\/span><\/td>\n<td width=\"90\"><span style=\"font-size: 14pt; font-family: arial, helvetica, sans-serif;\">5M - 30M<\/span><\/td>\n<td width=\"78\"><span style=\"font-size: 14pt; font-family: arial, helvetica, sans-serif;\">5 mm<\/span><\/td>\n<td width=\"147\"><span style=\"font-size: 14pt; font-family: arial, helvetica, sans-serif;\">8KG<\/span><\/td>\n<\/tr>\n<tr>\n<td width=\"112\"><span style=\"font-size: 14pt; font-family: arial, helvetica, sans-serif;\">2600 libras de alambre<\/span><\/td>\n<td width=\"39\"><span style=\"font-size: 14pt; font-family: arial, helvetica, sans-serif;\">1100KG<\/span><\/td>\n<td width=\"68\"><span style=\"font-size: 14pt; font-family: arial, helvetica, sans-serif;\">600KG<\/span><\/td>\n<td width=\"66\"><span style=\"font-size: 14pt; font-family: arial, helvetica, sans-serif;\">8:1<\/span><\/td>\n<td width=\"94\"><span style=\"font-size: 14pt; font-family: arial, helvetica, sans-serif;\">75<\/span><\/td>\n<td width=\"82\"><span style=\"font-size: 14pt; font-family: arial, helvetica, sans-serif;\">180<\/span><\/td>\n<td width=\"90\"><span style=\"font-size: 14pt; font-family: arial, helvetica, sans-serif;\">5M - 30M<\/span><\/td>\n<td width=\"78\"><span style=\"font-size: 14pt; font-family: arial, helvetica, sans-serif;\">6 mm<\/span><\/td>\n<td width=\"147\"><span style=\"font-size: 14pt; font-family: arial, helvetica, sans-serif;\">10.3KG<\/span><\/td>\n<\/tr>\n<\/tbody>\n<\/table>","protected":false},"excerpt":{"rendered":"<p><span style=\"font-family: arial, helvetica, sans-serif; font-size: 14pt;\">*1500 libras<\/span><br \/>\n<span style=\"font-family: arial, helvetica, sans-serif; font-size: 14pt;\">*10m \/20M(customizable)<\/span><br \/>\n<span style=\"font-family: arial, helvetica, sans-serif; font-size: 14pt;\">*Cabina de alambre de acero galavnzizado antirrotaci\u00f3n<\/span><br \/>\n<span style=\"font-family: arial, helvetica, sans-serif; font-size: 14pt;\">*Gancho de la rueda de aleaci\u00f3n de alta resistencia<\/span><br \/>\n<span style=\"font-family: arial, helvetica, sans-serif; font-size: 14pt;\">*Marco principal de estampado engrosado<\/span><\/p>","protected":false},"featured_media":3360,"comment_status":"open","ping_status":"closed","template":"","meta":{"_acf_changed":false},"product_brand":[],"product_cat":[32,60],"product_tag":[],"class_list":{"0":"post-3359","1":"product","2":"type-product","3":"status-publish","4":"has-post-thumbnail","6":"product_cat-winch","7":"product_cat-wire-rope","9":"first","10":"instock","11":"shipping-taxable","12":"product-type-simple"},"acf":[],"_links":{"self":[{"href":"https:\/\/www.gotrailerpart.com\/es\/wp-json\/wp\/v2\/product\/3359","targetHints":{"allow":["GET"]}}],"collection":[{"href":"https:\/\/www.gotrailerpart.com\/es\/wp-json\/wp\/v2\/product"}],"about":[{"href":"https:\/\/www.gotrailerpart.com\/es\/wp-json\/wp\/v2\/types\/product"}],"replies":[{"embeddable":true,"href":"https:\/\/www.gotrailerpart.com\/es\/wp-json\/wp\/v2\/comments?post=3359"}],"wp:featuredmedia":[{"embeddable":true,"href":"https:\/\/www.gotrailerpart.com\/es\/wp-json\/wp\/v2\/media\/3360"}],"wp:attachment":[{"href":"https:\/\/www.gotrailerpart.com\/es\/wp-json\/wp\/v2\/media?parent=3359"}],"wp:term":[{"taxonomy":"product_brand","embeddable":true,"href":"https:\/\/www.gotrailerpart.com\/es\/wp-json\/wp\/v2\/product_brand?post=3359"},{"taxonomy":"product_cat","embeddable":true,"href":"https:\/\/www.gotrailerpart.com\/es\/wp-json\/wp\/v2\/product_cat?post=3359"},{"taxonomy":"product_tag","embeddable":true,"href":"https:\/\/www.gotrailerpart.com\/es\/wp-json\/wp\/v2\/product_tag?post=3359"}],"curies":[{"name":"wp","href":"https:\/\/api.w.org\/{rel}","templated":true}]}}