{"id":3363,"date":"2023-09-20T10:17:11","date_gmt":"2023-09-20T02:17:11","guid":{"rendered":"https:\/\/www.gotrailerpart.com\/?post_type=product&#038;p=3363"},"modified":"2025-01-13T12:05:02","modified_gmt":"2025-01-13T04:05:02","slug":"6inch-trailer-jack-wheel","status":"publish","type":"product","link":"https:\/\/www.gotrailerpart.com\/es\/product\/6inch-trailer-jack-wheel\/","title":{"rendered":"wheel de gato de remolque de 6 pulgadas"},"content":{"rendered":"<p><span style=\"font-family: arial, helvetica, sans-serif; font-size: 14pt;\">La rueda de gato de remolque de 6 pulgadas cuenta con una durabilidad y fuerza excepcionales. Construido a partir de materiales de alta calidad como el caucho o el pl\u00e1stico de servicio pesado, puede soportar los rigores del uso constante y la exposici\u00f3n a diferentes condiciones clim\u00e1ticas. Esta longevidad es crucial para los remolques que a menudo viajan largas distancias o con frecuencia se cargan y descargan. Con una rueda de gato de remolque de 6 pulgadas confiable, los propietarios de remolques pueden tener tranquilidad sabiendo que su equipo est\u00e1 construido para durar.<\/span><\/p>","protected":false},"excerpt":{"rendered":"<div class=\"structure-row\">\n<div class=\"col-left\" data-spm-anchor-id=\"a2700.details.0.i38.72165c5dnQTtco\"><span style=\"font-family: arial, helvetica, sans-serif; font-size: 14pt;\">Lugar de origen<\/span><\/div>\n<div class=\"col-right\"><span style=\"font-family: arial, helvetica, sans-serif; font-size: 14pt;\">Shandong, China<\/span><\/div>\n<\/div>\n<div class=\"structure-row\">\n<div class=\"col-left\"><span style=\"font-family: arial, helvetica, sans-serif; font-size: 14pt;\">Usar<\/span><\/div>\n<div class=\"col-right\"><span style=\"font-family: arial, helvetica, sans-serif; font-size: 14pt;\">Piezas de remolque<\/span><\/div>\n<\/div>\n<div class=\"structure-row\">\n<div class=\"col-left\"><span style=\"font-family: arial, helvetica, sans-serif; font-size: 14pt;\">Regiones<\/span><\/div>\n<div class=\"col-right\"><span style=\"font-family: arial, helvetica, sans-serif; font-size: 14pt;\">Jacker de remolque<\/span><\/div>\n<\/div>\n<div class=\"structure-row\">\n<div class=\"col-left\"><span style=\"font-family: arial, helvetica, sans-serif; font-size: 14pt;\">Carga \u00fatil m\u00e1xima<\/span><\/div>\n<div class=\"col-right\"><span style=\"font-family: arial, helvetica, sans-serif; font-size: 14pt;\">550 kg<\/span><\/div>\n<\/div>\n<div class=\"structure-row\">\n<div class=\"col-left\"><span style=\"font-family: arial, helvetica, sans-serif; font-size: 14pt;\">Tama\u00f1o<\/span><\/div>\n<div class=\"col-right\"><span style=\"font-family: arial, helvetica, sans-serif; font-size: 14pt;\">6 pulgadas<\/span><\/div>\n<\/div>\n<div class=\"structure-row\">\n<div class=\"col-left\"><span style=\"font-family: arial, helvetica, sans-serif; font-size: 14pt;\">Marca<\/span><\/div>\n<div class=\"col-right\" data-spm-anchor-id=\"a2700.details.0.i39.72165c5dnQTtco\"><span style=\"font-family: arial, helvetica, sans-serif; font-size: 14pt;\">Remolque<\/span><\/div>\n<div data-spm-anchor-id=\"a2700.details.0.i39.72165c5dnQTtco\"><img fetchpriority=\"high\" decoding=\"async\" class=\"alignnone size-medium wp-image-3365\" src=\"http:\/\/www.gotrailerpart.com\/wp-content\/uploads\/2023\/09\/1.1-300x240.jpg\" alt=\"\" width=\"300\" height=\"240\" srcset=\"\" sizes=\"(max-width: 300px) 100vw, 300px\" data-srcset=\"\" \/><img decoding=\"async\" class=\"alignnone size-medium wp-image-3366\" src=\"http:\/\/www.gotrailerpart.com\/wp-content\/uploads\/2023\/09\/1.3-300x246.jpg\" alt=\"\" width=\"300\" height=\"246\" srcset=\"\" sizes=\"(max-width: 300px) 100vw, 300px\" data-srcset=\"\" \/><\/div>\n<\/div>","protected":false},"featured_media":3364,"comment_status":"open","ping_status":"closed","template":"","meta":{"_acf_changed":false},"product_brand":[],"product_cat":[58,35],"product_tag":[],"class_list":{"0":"post-3363","1":"product","2":"type-product","3":"status-publish","4":"has-post-thumbnail","6":"product_cat-australian-standard","7":"product_cat-jockey-wheel","9":"first","10":"instock","11":"shipping-taxable","12":"product-type-simple"},"acf":[],"_links":{"self":[{"href":"https:\/\/www.gotrailerpart.com\/es\/wp-json\/wp\/v2\/product\/3363","targetHints":{"allow":["GET"]}}],"collection":[{"href":"https:\/\/www.gotrailerpart.com\/es\/wp-json\/wp\/v2\/product"}],"about":[{"href":"https:\/\/www.gotrailerpart.com\/es\/wp-json\/wp\/v2\/types\/product"}],"replies":[{"embeddable":true,"href":"https:\/\/www.gotrailerpart.com\/es\/wp-json\/wp\/v2\/comments?post=3363"}],"wp:featuredmedia":[{"embeddable":true,"href":"https:\/\/www.gotrailerpart.com\/es\/wp-json\/wp\/v2\/media\/3364"}],"wp:attachment":[{"href":"https:\/\/www.gotrailerpart.com\/es\/wp-json\/wp\/v2\/media?parent=3363"}],"wp:term":[{"taxonomy":"product_brand","embeddable":true,"href":"https:\/\/www.gotrailerpart.com\/es\/wp-json\/wp\/v2\/product_brand?post=3363"},{"taxonomy":"product_cat","embeddable":true,"href":"https:\/\/www.gotrailerpart.com\/es\/wp-json\/wp\/v2\/product_cat?post=3363"},{"taxonomy":"product_tag","embeddable":true,"href":"https:\/\/www.gotrailerpart.com\/es\/wp-json\/wp\/v2\/product_tag?post=3363"}],"curies":[{"name":"wp","href":"https:\/\/api.w.org\/{rel}","templated":true}]}}