{"id":3367,"date":"2023-09-20T10:39:43","date_gmt":"2023-09-20T02:39:43","guid":{"rendered":"https:\/\/www.gotrailerpart.com\/?post_type=product&#038;p=3367"},"modified":"2024-12-13T18:19:04","modified_gmt":"2024-12-13T10:19:04","slug":"2000-pounds-trailer-jokey-wheel","status":"publish","type":"product","link":"https:\/\/www.gotrailerpart.com\/es\/product\/2000-pounds-trailer-jokey-wheel\/","title":{"rendered":"rueda de jockey de avance de 2000 libras"},"content":{"rendered":"<p><span style=\"font-family: arial, helvetica, sans-serif; font-size: 14pt;\">Una de las caracter\u00edsticas clave de la rueda de jockey de remolque de 2000 libras es su construcci\u00f3n robusta. Est\u00e1 hecho de materiales de alta calidad que pueden soportar cargas pesadas y terreno \u00e1spero. Esto asegura que la rueda pueda soportar el peso del remolque sin ning\u00fan compromiso en el rendimiento. Adem\u00e1s, la rueda de jockey est\u00e1 equipada con un mango resistente que permite una f\u00e1cil maniobrabilidad, lo que hace que sea f\u00e1cil dirigir y controlar el remolque.<\/span><\/p>","protected":false},"excerpt":{"rendered":"<div class=\"structure-row\">\n<div class=\"col-left\" data-spm-anchor-id=\"a2700.details.0.i29.7f0516bdEddORh\"><span style=\"font-family: arial, helvetica, sans-serif; font-size: 14pt;\">Lugar de origen<\/span><\/div>\n<div class=\"col-right\"><span style=\"font-family: arial, helvetica, sans-serif; font-size: 14pt;\">Shandong, China<\/span><\/div>\n<\/div>\n<div class=\"structure-row\">\n<div class=\"col-left\"><span style=\"font-family: arial, helvetica, sans-serif; font-size: 14pt;\">Usar<\/span><\/div>\n<div class=\"col-right\"><span style=\"font-family: arial, helvetica, sans-serif; font-size: 14pt;\">Piezas de remolque<\/span><\/div>\n<\/div>\n<div class=\"structure-row\">\n<div class=\"col-left\"><span style=\"font-family: arial, helvetica, sans-serif; font-size: 14pt;\">Regiones<\/span><\/div>\n<div class=\"col-right\"><span style=\"font-family: arial, helvetica, sans-serif; font-size: 14pt;\">Jacker de remolque<\/span><\/div>\n<\/div>\n<div class=\"structure-row\">\n<div class=\"col-left\"><span style=\"font-family: arial, helvetica, sans-serif; font-size: 14pt;\">Carga \u00fatil m\u00e1xima<\/span><\/div>\n<div class=\"col-right\"><span style=\"font-family: arial, helvetica, sans-serif; font-size: 14pt;\">2000 libras<\/span><\/div>\n<\/div>\n<div class=\"structure-row\">\n<div class=\"col-left\"><span style=\"font-family: arial, helvetica, sans-serif; font-size: 14pt;\">Tama\u00f1o<\/span><\/div>\n<div class=\"col-right\"><span style=\"font-family: arial, helvetica, sans-serif; font-size: 14pt;\">6 pulgadas<\/span><\/div>\n<\/div>\n<div class=\"structure-row\">\n<div class=\"col-left\"><span style=\"font-family: arial, helvetica, sans-serif; font-size: 14pt;\">Marca<\/span><\/div>\n<div class=\"col-right\" data-spm-anchor-id=\"a2700.details.0.i30.7f0516bdEddORh\"><span style=\"font-family: arial, helvetica, sans-serif; font-size: 14pt;\">Remolque<\/span><\/div>\n<div data-spm-anchor-id=\"a2700.details.0.i30.7f0516bdEddORh\"><img fetchpriority=\"high\" decoding=\"async\" class=\"alignnone size-medium wp-image-3369\" src=\"http:\/\/www.gotrailerpart.com\/wp-content\/uploads\/2023\/09\/\u5fae\u4fe1\u56fe\u7247_202307151048171-225x300.jpg\" alt=\"\" width=\"225\" height=\"300\" srcset=\"\" sizes=\"(max-width: 225px) 100vw, 225px\" data-srcset=\"\" \/> <img decoding=\"async\" class=\"alignnone size-medium wp-image-3370\" src=\"http:\/\/www.gotrailerpart.com\/wp-content\/uploads\/2023\/09\/\u5fae\u4fe1\u56fe\u7247_202307151048175-185x300.jpg\" alt=\"\" width=\"185\" height=\"300\" srcset=\"\" sizes=\"(max-width: 185px) 100vw, 185px\" data-srcset=\"\" \/> <img decoding=\"async\" class=\"alignnone size-medium wp-image-3371\" src=\"http:\/\/www.gotrailerpart.com\/wp-content\/uploads\/2023\/09\/\u5fae\u4fe1\u56fe\u7247_20230715104817-225x300.jpg\" alt=\"\" width=\"225\" height=\"300\" srcset=\"\" sizes=\"(max-width: 225px) 100vw, 225px\" data-srcset=\"\" \/><\/div>\n<\/div>","protected":false},"featured_media":3368,"comment_status":"open","ping_status":"closed","template":"","meta":{"_acf_changed":false},"product_brand":[],"product_cat":[58,35],"product_tag":[],"class_list":{"0":"post-3367","1":"product","2":"type-product","3":"status-publish","4":"has-post-thumbnail","6":"product_cat-australian-standard","7":"product_cat-jockey-wheel","9":"first","10":"instock","11":"shipping-taxable","12":"product-type-simple"},"acf":[],"_links":{"self":[{"href":"https:\/\/www.gotrailerpart.com\/es\/wp-json\/wp\/v2\/product\/3367","targetHints":{"allow":["GET"]}}],"collection":[{"href":"https:\/\/www.gotrailerpart.com\/es\/wp-json\/wp\/v2\/product"}],"about":[{"href":"https:\/\/www.gotrailerpart.com\/es\/wp-json\/wp\/v2\/types\/product"}],"replies":[{"embeddable":true,"href":"https:\/\/www.gotrailerpart.com\/es\/wp-json\/wp\/v2\/comments?post=3367"}],"wp:featuredmedia":[{"embeddable":true,"href":"https:\/\/www.gotrailerpart.com\/es\/wp-json\/wp\/v2\/media\/3368"}],"wp:attachment":[{"href":"https:\/\/www.gotrailerpart.com\/es\/wp-json\/wp\/v2\/media?parent=3367"}],"wp:term":[{"taxonomy":"product_brand","embeddable":true,"href":"https:\/\/www.gotrailerpart.com\/es\/wp-json\/wp\/v2\/product_brand?post=3367"},{"taxonomy":"product_cat","embeddable":true,"href":"https:\/\/www.gotrailerpart.com\/es\/wp-json\/wp\/v2\/product_cat?post=3367"},{"taxonomy":"product_tag","embeddable":true,"href":"https:\/\/www.gotrailerpart.com\/es\/wp-json\/wp\/v2\/product_tag?post=3367"}],"curies":[{"name":"wp","href":"https:\/\/api.w.org\/{rel}","templated":true}]}}