{"id":3435,"date":"2023-10-27T15:55:21","date_gmt":"2023-10-27T07:55:21","guid":{"rendered":"https:\/\/www.gotrailerpart.com\/?post_type=product&#038;p=3435"},"modified":"2024-12-13T18:07:30","modified_gmt":"2024-12-13T10:07:30","slug":"48mm-ribbed-jockey-wheel-with-clamp","status":"publish","type":"product","link":"https:\/\/www.gotrailerpart.com\/es\/product\/48mm-ribbed-jockey-wheel-with-clamp\/","title":{"rendered":"Rueda de jockey acanalada de 48 mm con abrazadera"},"content":{"rendered":"<p><span style=\"font-family: arial, helvetica, sans-serif; font-size: 14pt;\">Esta rueda de jockey con ClapM es con 8 \u2018\u2019 goma de la rueda de goma con borde de metal, capacidad de 440 libras, 3 pulgadas de viaje, tuber\u00eda de \u03c648 mm. Esta rueda de jockey de servicio ligero y mediano es ideal para peque\u00f1os remolques y es muy popular en el mercado de Europa. Una rueda de jockey de remolque es un componente esencial de un remolque que se utiliza para soportar la parte delantera del remolque cuando se desconecta del veh\u00edculo de remolque. La rueda de jockey est\u00e1 dise\u00f1ada para ser f\u00e1cilmente ajustable en altura, para que pueda usarse en remolques de diferentes tama\u00f1os. La rueda de jockey facilita mover el remolque a mano, lo cual es especialmente \u00fatil al estacionar o maniobrar en espacios apretados.<\/span><\/p>","protected":false},"excerpt":{"rendered":"<p><span style=\"font-family: arial, helvetica, sans-serif; font-size: 14pt;\">* 200kg \/440lbs<\/span><br \/>\n<span style=\"font-family: arial, helvetica, sans-serif; font-size: 14pt;\">*8 \u2018\u2019 rueda de goma con borde de metal<\/span><br \/>\n<span style=\"font-family: arial, helvetica, sans-serif; font-size: 14pt;\">*Viento superior con abrazadera<\/span><br \/>\n<span style=\"font-family: arial, helvetica, sans-serif; font-size: 14pt;\">*Viaje de 10 pulgadas, tuber\u00eda de \u03c648 mm<\/span><br \/>\n<span style=\"font-family: arial, helvetica, sans-serif; font-size: 14pt;\">*con un mango c\u00f3modo y fuerte<\/span><\/p>","protected":false},"featured_media":3436,"comment_status":"open","ping_status":"closed","template":"","meta":{"_acf_changed":false},"product_brand":[],"product_cat":[59,35],"product_tag":[],"class_list":{"0":"post-3435","1":"product","2":"type-product","3":"status-publish","4":"has-post-thumbnail","6":"product_cat-european-standard","7":"product_cat-jockey-wheel","9":"first","10":"instock","11":"shipping-taxable","12":"product-type-simple"},"acf":[],"_links":{"self":[{"href":"https:\/\/www.gotrailerpart.com\/es\/wp-json\/wp\/v2\/product\/3435","targetHints":{"allow":["GET"]}}],"collection":[{"href":"https:\/\/www.gotrailerpart.com\/es\/wp-json\/wp\/v2\/product"}],"about":[{"href":"https:\/\/www.gotrailerpart.com\/es\/wp-json\/wp\/v2\/types\/product"}],"replies":[{"embeddable":true,"href":"https:\/\/www.gotrailerpart.com\/es\/wp-json\/wp\/v2\/comments?post=3435"}],"wp:featuredmedia":[{"embeddable":true,"href":"https:\/\/www.gotrailerpart.com\/es\/wp-json\/wp\/v2\/media\/3436"}],"wp:attachment":[{"href":"https:\/\/www.gotrailerpart.com\/es\/wp-json\/wp\/v2\/media?parent=3435"}],"wp:term":[{"taxonomy":"product_brand","embeddable":true,"href":"https:\/\/www.gotrailerpart.com\/es\/wp-json\/wp\/v2\/product_brand?post=3435"},{"taxonomy":"product_cat","embeddable":true,"href":"https:\/\/www.gotrailerpart.com\/es\/wp-json\/wp\/v2\/product_cat?post=3435"},{"taxonomy":"product_tag","embeddable":true,"href":"https:\/\/www.gotrailerpart.com\/es\/wp-json\/wp\/v2\/product_tag?post=3435"}],"curies":[{"name":"wp","href":"https:\/\/api.w.org\/{rel}","templated":true}]}}