{"id":3716,"date":"2024-04-30T15:00:59","date_gmt":"2024-04-30T07:00:59","guid":{"rendered":"https:\/\/www.gotrailerpart.com\/?post_type=product&#038;p=3716"},"modified":"2024-12-13T17:47:53","modified_gmt":"2024-12-13T09:47:53","slug":"drop-hitch-2-inch-receiver-fits-2-hitch-receiver-6-inch-drop-hitch","status":"publish","type":"product","link":"https:\/\/www.gotrailerpart.com\/es\/product\/drop-hitch-2-inch-receiver-fits-2-hitch-receiver-6-inch-drop-hitch\/","title":{"rendered":"Drop Hatch El receptor de 2 pulgadas se adapta a 2 enganche de 6 pulgadas de receptor de 6 pulgadas"},"content":{"rendered":"<p><span style=\"font-family: arial, helvetica, sans-serif; font-size: 14pt;\">El receptor de 2 pulgadas de enganche de 2 pulgadas est\u00e1 dise\u00f1ado para adaptarse a los receptores de enganche de 2 pulgadas y ofrece una ca\u00edda de 6 pulgadas, lo que lo hace ideal para remolcar remolques y otros equipos a una altura m\u00e1s baja. Construido a partir de acero de alta resistencia, este enganche est\u00e1 construido para soportar cargas pesadas al tiempo que proporciona una durabilidad y estabilidad excepcionales. Su acabado recubierto de polvo ayuda a resistir el \u00f3xido y la corrosi\u00f3n, asegurando la longevidad y manteniendo una apariencia elegante. El dise\u00f1o f\u00e1cil de instalar permite un archivo adjunto y desapego r\u00e1pidos, lo que lo hace conveniente para los usuarios que con frecuencia cambian entre diferentes necesidades de remolque.<\/span><\/p>","protected":false},"excerpt":{"rendered":"<div class=\"attribute-item\">\n<div class=\"left\" data-spm-anchor-id=\"a2700.details.0.i60.1de036b5IgD4oY\"><span style=\"font-size: 14pt; font-family: arial, helvetica, sans-serif;\">*Carga \u00fatil m\u00e1xima: 10000 libras<\/span><\/div>\n<div class=\"left\" data-spm-anchor-id=\"a2700.details.0.i60.1de036b5IgD4oY\"><span style=\"font-family: arial, helvetica, sans-serif; font-size: 14pt;\">*Nombre de marca: ir trailer<\/span><\/div>\n<\/div>\n<div class=\"attribute-item\">\n<div class=\"left\"><span style=\"font-size: 14pt; font-family: arial, helvetica, sans-serif;\">*Nombre del producto: Monte de pelota de enganche de remolque ajustable<\/span><\/div>\n<div class=\"left\"><span style=\"font-size: 14pt; font-family: arial, helvetica, sans-serif;\">*Usar: piezas de remolque<\/span><\/div>\n<\/div>\n<div class=\"attribute-item\">\n<div class=\"left\"><span style=\"font-size: 14pt; font-family: arial, helvetica, sans-serif;\">*Ca\u00edda: 6 pulgadas<\/span><\/div>\n<\/div>\n<div class=\"attribute-item\">\n<div class=\"left\"><span style=\"font-size: 14pt; font-family: arial, helvetica, sans-serif;\">*Bola de enganche dual: 2 pulgadas y 2-5 \/16 pulgada<\/span><\/div>\n<\/div>\n<div class=\"attribute-item\">\n<div class=\"left\"><span style=\"font-size: 14pt; font-family: arial, helvetica, sans-serif;\">*Pins de enganche: 2 pcs<\/span><\/div>\n<\/div>\n<div class=\"attribute-item\">\n<div class=\"left\"><span style=\"font-size: 14pt; font-family: arial, helvetica, sans-serif;\">*Paquete: caja + cart\u00f3n + paleta<\/span><\/div>\n<\/div>\n<div class=\"attribute-item\">\n<div class=\"left\"><span style=\"font-size: 14pt; font-family: arial, helvetica, sans-serif;\">*Acabado (soporte de bola): oxidaci\u00f3n de aluminio<\/span><\/div>\n<\/div>\n<div class=\"attribute-item\">\n<div class=\"left\"><span style=\"font-size: 14pt; font-family: arial, helvetica, sans-serif;\">*Terminar (pelota de enganche y alfiler de enganche): chapado cromado<\/span><\/div>\n<\/div>\n<div class=\"attribute-item\">\n<div class=\"left\"><span style=\"font-size: 14pt; font-family: arial, helvetica, sans-serif;\">*Color: rojo \/blue\/balck\/silver<\/span><\/div>\n<\/div>","protected":false},"featured_media":3711,"comment_status":"open","ping_status":"closed","template":"","meta":{"_acf_changed":false},"product_brand":[],"product_cat":[126],"product_tag":[],"class_list":{"0":"post-3716","1":"product","2":"type-product","3":"status-publish","4":"has-post-thumbnail","6":"product_cat-hitch-mount","8":"first","9":"instock","10":"shipping-taxable","11":"product-type-simple"},"acf":[],"_links":{"self":[{"href":"https:\/\/www.gotrailerpart.com\/es\/wp-json\/wp\/v2\/product\/3716","targetHints":{"allow":["GET"]}}],"collection":[{"href":"https:\/\/www.gotrailerpart.com\/es\/wp-json\/wp\/v2\/product"}],"about":[{"href":"https:\/\/www.gotrailerpart.com\/es\/wp-json\/wp\/v2\/types\/product"}],"replies":[{"embeddable":true,"href":"https:\/\/www.gotrailerpart.com\/es\/wp-json\/wp\/v2\/comments?post=3716"}],"wp:featuredmedia":[{"embeddable":true,"href":"https:\/\/www.gotrailerpart.com\/es\/wp-json\/wp\/v2\/media\/3711"}],"wp:attachment":[{"href":"https:\/\/www.gotrailerpart.com\/es\/wp-json\/wp\/v2\/media?parent=3716"}],"wp:term":[{"taxonomy":"product_brand","embeddable":true,"href":"https:\/\/www.gotrailerpart.com\/es\/wp-json\/wp\/v2\/product_brand?post=3716"},{"taxonomy":"product_cat","embeddable":true,"href":"https:\/\/www.gotrailerpart.com\/es\/wp-json\/wp\/v2\/product_cat?post=3716"},{"taxonomy":"product_tag","embeddable":true,"href":"https:\/\/www.gotrailerpart.com\/es\/wp-json\/wp\/v2\/product_tag?post=3716"}],"curies":[{"name":"wp","href":"https:\/\/api.w.org\/{rel}","templated":true}]}}